{"id":44609,"date":"2021-12-24T16:46:19","date_gmt":"2021-12-24T13:46:19","guid":{"rendered":"https:\/\/rstteknoloji.com.tr\/career\/"},"modified":"2022-03-01T14:50:19","modified_gmt":"2022-03-01T11:50:19","slug":"kariyer","status":"publish","type":"page","link":"https:\/\/rstteknoloji.com.tr\/tr\/kariyer\/","title":{"rendered":"Kariyer"},"content":{"rendered":"<p>[et_pb_section fb_built=&#8221;1&#8243; custom_padding_last_edited=&#8221;on|phone&#8221; _builder_version=&#8221;4.14.7&#8243; _module_preset=&#8221;default&#8221; background_color=&#8221;#013462&#8243; background_image=&#8221;https:\/\/rstteknoloji.com.tr\/wp-content\/uploads\/2022\/01\/cta02.jpg&#8221; background_blend=&#8221;multiply&#8221; custom_padding=&#8221;|0px|0px|0px|false|true&#8221; custom_padding_tablet=&#8221;|60px||60px|false|true&#8221; custom_padding_phone=&#8221;|45px||45px|false|true&#8221; locked=&#8221;off&#8221; global_colors_info=&#8221;{}&#8221;][et_pb_row column_structure=&#8221;3_5,2_5&#8243; _builder_version=&#8221;4.14.7&#8243; _module_preset=&#8221;default&#8221; width=&#8221;100%&#8221; custom_margin=&#8221;120px|auto||auto|false|false&#8221; custom_margin_tablet=&#8221;60px|auto||auto|false|false&#8221; custom_margin_phone=&#8221;60px||||false|false&#8221; custom_margin_last_edited=&#8221;on|phone&#8221; global_colors_info=&#8221;{}&#8221;][et_pb_column type=&#8221;3_5&#8243; _builder_version=&#8221;4.14.7&#8243; _module_preset=&#8221;default&#8221; global_colors_info=&#8221;{}&#8221;][et_pb_text _builder_version=&#8221;4.14.7&#8243; _module_preset=&#8221;default&#8221; header_font=&#8221;||||||||&#8221; header_text_color=&#8221;#FFFFFF&#8221; header_font_size=&#8221;36px&#8221; header_2_font=&#8221;|300|||||||&#8221; header_2_text_color=&#8221;#013462&#8243; header_2_font_size=&#8221;36px&#8221; header_6_font=&#8221;|600||on|||||&#8221; header_6_text_color=&#8221;#CF4239&#8243; header_6_font_size=&#8221;10px&#8221; header_6_letter_spacing=&#8221;2px&#8221; header_6_line_height=&#8221;1.6em&#8221; custom_padding=&#8221;0px||15px||false|false&#8221; custom_padding_tablet=&#8221;0px||15px||false|false&#8221; custom_padding_phone=&#8221;0px||0px||false|false&#8221; custom_padding_last_edited=&#8221;on|phone&#8221; header_font_size_tablet=&#8221;36px&#8221; header_font_size_phone=&#8221;32px&#8221; header_font_size_last_edited=&#8221;on|phone&#8221; header_2_font_size_phone=&#8221;24px&#8221; header_2_font_size_last_edited=&#8221;off|phone&#8221; locked=&#8221;off&#8221; global_colors_info=&#8221;{}&#8221;]<\/p>\n<h6>RST TEKNOLOJ\u0130<\/h6>\n<h1>RST&#8217;de Kariyer<\/h1>\n<p>[\/et_pb_text][\/et_pb_column][et_pb_column type=&#8221;2_5&#8243; _builder_version=&#8221;4.14.7&#8243; _module_preset=&#8221;default&#8221; global_colors_info=&#8221;{}&#8221;][dsm_breadcrumbs home_text=&#8221;Ana Sayfa&#8221; show_home_icon=&#8221;off&#8221; align=&#8221;right&#8221; separator_bottom=&#8221;14px&#8221; align_tablet=&#8221;left&#8221; align_phone=&#8221;left&#8221; align_last_edited=&#8221;on|phone&#8221; _builder_version=&#8221;4.14.7&#8243; _module_preset=&#8221;default&#8221; items_font=&#8221;|||on|||||&#8221; items_text_color=&#8221;#FFFFFF&#8221; items_font_size=&#8221;10px&#8221; items_letter_spacing=&#8221;2px&#8221; separators_text_color=&#8221;#F5FAFC&#8221; current_font=&#8221;|||on|||||&#8221; current_text_color=&#8221;#F34034&#8243; current_font_size=&#8221;10px&#8221; current_letter_spacing=&#8221;2px&#8221; module_alignment=&#8221;right&#8221; custom_margin=&#8221;35px||||false|false&#8221; custom_margin_tablet=&#8221;0px||||false|false&#8221; custom_margin_phone=&#8221;0px||0px||true|false&#8221; custom_margin_last_edited=&#8221;on|desktop&#8221; custom_padding_tablet=&#8221;&#8221; custom_padding_phone=&#8221;0px||0px||true|false&#8221; custom_padding_last_edited=&#8221;on|phone&#8221; custom_css_main_element=&#8221;display: block;&#8221; global_colors_info=&#8221;{}&#8221;][\/dsm_breadcrumbs][\/et_pb_column][\/et_pb_row][\/et_pb_section][et_pb_section fb_built=&#8221;1&#8243; custom_padding_last_edited=&#8221;on|desktop&#8221; _builder_version=&#8221;4.14.7&#8243; _module_preset=&#8221;default&#8221; background_color=&#8221;#FFFFFF&#8221; background_color_gradient_start=&#8221;#ffffff&#8221; background_color_gradient_end=&#8221;#f5fafc&#8221; custom_margin=&#8221;0px||0px||true|false&#8221; custom_padding=&#8221;90px|0px|90px|0px|true|true&#8221; custom_padding_tablet=&#8221;|60px||60px|true|true&#8221; custom_padding_phone=&#8221;90px|45px|90px|45px|true|true&#8221; global_colors_info=&#8221;{}&#8221;][et_pb_row column_structure=&#8221;2_5,3_5&#8243; _builder_version=&#8221;4.14.7&#8243; _module_preset=&#8221;default&#8221; width=&#8221;100%&#8221; custom_margin=&#8221;0px||0px||true|false&#8221; custom_padding=&#8221;30px||30px||false|false&#8221; locked=&#8221;off&#8221; global_colors_info=&#8221;{}&#8221;][et_pb_column type=&#8221;2_5&#8243; _builder_version=&#8221;4.14.7&#8243; _module_preset=&#8221;default&#8221; custom_padding=&#8221;|15px|||false|false&#8221; global_colors_info=&#8221;{}&#8221;][et_pb_text _builder_version=&#8221;4.14.7&#8243; _module_preset=&#8221;default&#8221; header_font=&#8221;||||||||&#8221; header_text_color=&#8221;#013462&#8243; header_font_size=&#8221;36px&#8221; header_2_font=&#8221;|300|||||||&#8221; header_2_text_color=&#8221;#013462&#8243; header_2_font_size=&#8221;36px&#8221; header_6_font=&#8221;|600||on|||||&#8221; header_6_text_color=&#8221;#CF4239&#8243; header_6_font_size=&#8221;10px&#8221; header_6_letter_spacing=&#8221;2px&#8221; header_6_line_height=&#8221;1.6em&#8221; custom_margin=&#8221;0px||0px||false|false&#8221; custom_padding=&#8221;0px||15px||false|false&#8221; header_font_size_tablet=&#8221;36px&#8221; header_font_size_phone=&#8221;32px&#8221; header_font_size_last_edited=&#8221;on|phone&#8221; locked=&#8221;off&#8221; global_colors_info=&#8221;{}&#8221;]<\/p>\n<h6>RST TEKNOLOJ\u0130<\/h6>\n<h1>Hep Daha \u0130yiye!<\/h1>\n<p>[\/et_pb_text][\/et_pb_column][et_pb_column type=&#8221;3_5&#8243; _builder_version=&#8221;4.14.7&#8243; _module_preset=&#8221;default&#8221; custom_padding=&#8221;|||15px|false|false&#8221; custom_padding_tablet=&#8221;|||15px|false|false&#8221; custom_padding_phone=&#8221;|||0px|false|false&#8221; custom_padding_last_edited=&#8221;on|phone&#8221; global_colors_info=&#8221;{}&#8221;][et_pb_text _builder_version=&#8221;4.14.7&#8243; _module_preset=&#8221;default&#8221; text_font=&#8221;|300|||||||&#8221; text_text_color=&#8221;#333333&#8243; text_line_height=&#8221;1.8em&#8221; header_3_font=&#8221;|700|||||||&#8221; header_3_text_color=&#8221;#000000&#8243; header_3_font_size=&#8221;34px&#8221; header_3_line_height=&#8221;1.6em&#8221; header_5_text_color=&#8221;#212529&#8243; header_5_font_size=&#8221;21px&#8221; header_5_line_height=&#8221;1.6em&#8221; header_6_font=&#8221;||||||||&#8221; header_6_text_color=&#8221;rgba(0,0,0,0.4)&#8221; header_6_font_size=&#8221;20px&#8221; header_6_line_height=&#8221;1.6em&#8221; custom_margin=&#8221;0px||0px||false|false&#8221; custom_padding=&#8221;0px||0px||false|false&#8221; locked=&#8221;off&#8221; global_colors_info=&#8221;{}&#8221;]\u0130nsan Kaynaklar\u0131, her \u00e7al\u0131\u015fan\u0131n ayr\u0131 bir de\u011fer oldu\u011funu kabul eden, \u015feffafl\u0131k, d\u00fcr\u00fcstl\u00fck, \u00e7al\u0131\u015fanlar\u0131n mutlulu\u011fu, g\u00fcvenilirlik de\u011ferlerini \u00f6n planda tutan, insana ve bilgiye \u00f6nem veren, g\u00fcven ve sayg\u0131n\u0131n h\u00e2kim oldu\u011fu, kat\u0131l\u0131mc\u0131l\u0131\u011f\u0131n de\u011fer g\u00f6rd\u00fc\u011f\u00fc, proaktif yakla\u015f\u0131mlar\u0131n benimsendi\u011fi, y\u00f6netim anlay\u0131\u015f\u0131 ile yola devam etmektedir.<\/p>\n<p>RST\u2019nin ba\u015far\u0131s\u0131ndaki en \u00f6nemli unsur \u00e7al\u0131\u015fanlar\u0131d\u0131r. Hedeflerini ve yetkinliklerini s\u00fcrekli olarak geli\u015ftiren, sorumluluk almaya istekli her kademedeki \u00e7al\u0131\u015fan\u0131m\u0131z\u0131n en etkin \u015fekilde de\u011ferlendirilmesi, geli\u015fimlerinin sa\u011flanmas\u0131 \u00f6nceliklerimiz aras\u0131ndad\u0131r.[\/et_pb_text][\/et_pb_column][\/et_pb_row][\/et_pb_section][et_pb_section fb_built=&#8221;1&#8243; custom_padding_last_edited=&#8221;on|tablet&#8221; _builder_version=&#8221;4.14.7&#8243; _module_preset=&#8221;default&#8221; background_color=&#8221;#F5FAFC&#8221; custom_padding=&#8221;90px||90px||true|&#8221; custom_padding_tablet=&#8221;|60px||60px|true|true&#8221; custom_padding_phone=&#8221;90px|45px|90px|45px|true|true&#8221; global_colors_info=&#8221;{}&#8221;][et_pb_row column_structure=&#8221;2_5,3_5&#8243; _builder_version=&#8221;4.14.7&#8243; _module_preset=&#8221;default&#8221; width=&#8221;100%&#8221; custom_margin=&#8221;0px||0px||true|false&#8221; custom_padding=&#8221;30px||30px||false|false&#8221; locked=&#8221;off&#8221; global_colors_info=&#8221;{}&#8221;][et_pb_column type=&#8221;2_5&#8243; _builder_version=&#8221;4.14.7&#8243; _module_preset=&#8221;default&#8221; custom_padding=&#8221;|15px|||false|false&#8221; global_colors_info=&#8221;{}&#8221;][et_pb_text _builder_version=&#8221;4.14.8&#8243; _module_preset=&#8221;default&#8221; header_font=&#8221;||||||||&#8221; header_text_color=&#8221;#013462&#8243; header_font_size=&#8221;36px&#8221; header_2_font=&#8221;|300|||||||&#8221; header_2_text_color=&#8221;#013462&#8243; header_2_font_size=&#8221;36px&#8221; header_6_font=&#8221;|600||on|||||&#8221; header_6_text_color=&#8221;#CF4239&#8243; header_6_font_size=&#8221;10px&#8221; header_6_letter_spacing=&#8221;2px&#8221; header_6_line_height=&#8221;1.6em&#8221; custom_margin=&#8221;0px||0px||false|false&#8221; custom_padding=&#8221;0px||15px||false|false&#8221; header_font_size_tablet=&#8221;36px&#8221; header_font_size_phone=&#8221;32px&#8221; header_font_size_last_edited=&#8221;on|phone&#8221; locked=&#8221;off&#8221; global_colors_info=&#8221;{}&#8221;]<\/p>\n<h6>RST TEKNOLOJ\u0130<\/h6>\n<h1>Genel Ba\u015fvuru<\/h1>\n<p>[\/et_pb_text][\/et_pb_column][et_pb_column type=&#8221;3_5&#8243; _builder_version=&#8221;4.14.7&#8243; _module_preset=&#8221;default&#8221; custom_padding=&#8221;|||15px|false|false&#8221; custom_padding_tablet=&#8221;|||0px|false|false&#8221; custom_padding_phone=&#8221;|||0px|false|false&#8221; custom_padding_last_edited=&#8221;on|tablet&#8221; global_colors_info=&#8221;{}&#8221;][et_pb_text _builder_version=&#8221;4.14.7&#8243; _module_preset=&#8221;default&#8221; text_font=&#8221;|300|||||||&#8221; text_text_color=&#8221;#333333&#8243; text_line_height=&#8221;1.8em&#8221; header_3_font=&#8221;|700|||||||&#8221; header_3_text_color=&#8221;#000000&#8243; header_3_font_size=&#8221;34px&#8221; header_3_line_height=&#8221;1.6em&#8221; header_5_text_color=&#8221;#212529&#8243; header_5_font_size=&#8221;21px&#8221; header_5_line_height=&#8221;1.6em&#8221; header_6_font=&#8221;||||||||&#8221; header_6_text_color=&#8221;rgba(0,0,0,0.4)&#8221; header_6_font_size=&#8221;20px&#8221; header_6_line_height=&#8221;1.6em&#8221; custom_margin=&#8221;0px||0px||false|false&#8221; custom_padding=&#8221;0px||0px||false|false&#8221; locked=&#8221;off&#8221; global_colors_info=&#8221;{}&#8221;]<\/p>\n<p>\u015eirketimizdeki i\u015f olanaklar\u0131na kariyer.net \u00fczerinden yay\u0131nlad\u0131\u011f\u0131m\u0131z ilanlardan ula\u015f\u0131labilirsiniz.<\/p>\n<p>A\u00e7\u0131k pozisyonlar i\u00e7in ba\u015fvurular\u0131n\u0131z\u0131 kariyer.net \u00fczerinden, aday havuzuna eklenmek \u00fczere detayl\u0131 \u00f6zge\u00e7mi\u015finizi \u201d\u0130\u015f Ba\u015fvuru&#8221; Formu\u2019u linkinden iletebilirsiniz.<\/p>\n<p>[\/et_pb_text][dsm_button button_one_text=&#8221;kariyer.net&#8221; button_one_url=&#8221;https:\/\/www.kariyer.net\/firma-profil\/rst-uzaktan-algilama-39005-210768&#8243; button_one_url_new_window=&#8221;on&#8221; button_two_text=&#8221;Ba\u015fvuru Formu&#8221; button_two_url=&#8221;\/tr\/kariyer\/genel-basvuru&#8221; button_alignment=&#8221;left&#8221; module_class=&#8221;home_gambi&#8221; _builder_version=&#8221;4.14.8&#8243; _module_preset=&#8221;default&#8221; custom_button_one=&#8221;on&#8221; button_one_text_size=&#8221;14px&#8221; button_one_text_color=&#8221;#FFFFFF&#8221; button_one_bg_color=&#8221;#013462&#8243; button_one_border_width=&#8221;0px&#8221; button_one_border_radius=&#8221;100px&#8221; button_one_font=&#8221;|600|||||||&#8221; button_one_icon=&#8221;&#x35;||divi||400&#8243; button_one_icon_color=&#8221;#EF4136&#8243; button_one_on_hover=&#8221;off&#8221; button_one_custom_padding=&#8221;8px|54px|8px|32px|false|false&#8221; custom_button_two=&#8221;on&#8221; button_two_text_size=&#8221;14px&#8221; button_two_text_color=&#8221;#F34034&#8243; button_two_border_width=&#8221;0px&#8221; button_two_border_radius=&#8221;100px&#8221; button_two_font=&#8221;|600|||||||&#8221; button_two_icon=&#8221;&#x35;||divi||400&#8243; button_two_icon_color=&#8221;#EF4136&#8243; button_two_on_hover=&#8221;off&#8221; button_two_custom_margin_tablet=&#8221;&#8221; button_two_custom_margin_phone=&#8221;|||0px|false|false&#8221; button_two_custom_margin_last_edited=&#8221;on|tablet&#8221; button_two_custom_padding=&#8221;8px|54px|8px|32px|false|false&#8221; custom_margin=&#8221;45px||0px||false|false&#8221; custom_padding=&#8221;0px||0px||true|false&#8221; hover_enabled=&#8221;0&#8243; locked=&#8221;off&#8221; global_colors_info=&#8221;{}&#8221; button_one_bg_color__hover_enabled=&#8221;on|hover&#8221; button_one_bg_color__hover=&#8221;#F34034&#8243; button_one_bg_enable_color__hover=&#8221;on&#8221; button_two_bg_color__hover=&#8221;#FFFFFF&#8221; button_two_bg_color__hover_enabled=&#8221;on|hover&#8221; button_two_bg_enable_color__hover=&#8221;on&#8221; button_two_text_color__hover_enabled=&#8221;off|hover&#8221; button_two_text_color__hover=&#8221;#013462&#8243; sticky_enabled=&#8221;0&#8243;][\/dsm_button][\/et_pb_column][\/et_pb_row][et_pb_row _builder_version=&#8221;4.14.7&#8243; _module_preset=&#8221;default&#8221; width=&#8221;100%&#8221; global_colors_info=&#8221;{}&#8221;][et_pb_column type=&#8221;4_4&#8243; _builder_version=&#8221;4.14.7&#8243; _module_preset=&#8221;default&#8221; global_colors_info=&#8221;{}&#8221;][et_pb_divider color=&#8221;rgba(1,52,98,0.25)&#8221; _builder_version=&#8221;4.14.7&#8243; _module_preset=&#8221;default&#8221; custom_margin=&#8221;30px||10px||false|false&#8221; global_colors_info=&#8221;{}&#8221;][\/et_pb_divider][\/et_pb_column][\/et_pb_row][et_pb_row column_structure=&#8221;2_5,3_5&#8243; _builder_version=&#8221;4.14.7&#8243; _module_preset=&#8221;default&#8221; width=&#8221;100%&#8221; custom_margin=&#8221;0px||0px||true|false&#8221; custom_padding=&#8221;30px||30px||false|false&#8221; locked=&#8221;off&#8221; global_colors_info=&#8221;{}&#8221;][et_pb_column type=&#8221;2_5&#8243; _builder_version=&#8221;4.14.7&#8243; _module_preset=&#8221;default&#8221; custom_padding=&#8221;|15px|||false|false&#8221; global_colors_info=&#8221;{}&#8221;][et_pb_text _builder_version=&#8221;4.14.7&#8243; _module_preset=&#8221;default&#8221; header_font=&#8221;||||||||&#8221; header_text_color=&#8221;#013462&#8243; header_font_size=&#8221;36px&#8221; header_2_font=&#8221;|300|||||||&#8221; header_2_text_color=&#8221;#013462&#8243; header_2_font_size=&#8221;36px&#8221; header_6_font=&#8221;|600||on|||||&#8221; header_6_text_color=&#8221;#CF4239&#8243; header_6_font_size=&#8221;10px&#8221; header_6_letter_spacing=&#8221;2px&#8221; header_6_line_height=&#8221;1.6em&#8221; custom_margin=&#8221;0px||0px||false|false&#8221; custom_padding=&#8221;0px||15px||false|false&#8221; header_font_size_tablet=&#8221;36px&#8221; header_font_size_phone=&#8221;32px&#8221; header_font_size_last_edited=&#8221;on|phone&#8221; locked=&#8221;off&#8221; global_colors_info=&#8221;{}&#8221;]<\/p>\n<h6>RST TEKNOLOJ\u0130<\/h6>\n<h1>Staj Olanaklar\u0131<\/h1>\n<p>[\/et_pb_text][\/et_pb_column][et_pb_column type=&#8221;3_5&#8243; _builder_version=&#8221;4.14.7&#8243; _module_preset=&#8221;default&#8221; custom_padding=&#8221;|||15px|false|false&#8221; custom_padding_tablet=&#8221;|||0px|false|false&#8221; custom_padding_phone=&#8221;|||0px|false|false&#8221; custom_padding_last_edited=&#8221;on|tablet&#8221; global_colors_info=&#8221;{}&#8221;][et_pb_text _builder_version=&#8221;4.14.7&#8243; _module_preset=&#8221;default&#8221; text_font=&#8221;|300|||||||&#8221; text_text_color=&#8221;#333333&#8243; text_line_height=&#8221;1.8em&#8221; header_3_font=&#8221;|700|||||||&#8221; header_3_text_color=&#8221;#000000&#8243; header_3_font_size=&#8221;34px&#8221; header_3_line_height=&#8221;1.6em&#8221; header_5_text_color=&#8221;#212529&#8243; header_5_font_size=&#8221;21px&#8221; header_5_line_height=&#8221;1.6em&#8221; header_6_font=&#8221;||||||||&#8221; header_6_text_color=&#8221;rgba(0,0,0,0.4)&#8221; header_6_font_size=&#8221;20px&#8221; header_6_line_height=&#8221;1.6em&#8221; custom_margin=&#8221;0px||0px||false|false&#8221; custom_padding=&#8221;0px||0px||false|false&#8221; locked=&#8221;off&#8221; global_colors_info=&#8221;{}&#8221;]RST olarak \u00e7al\u0131\u015fkan, dinamik ve gen\u00e7 insanlara \u015firketimiz b\u00fcnyesinde her y\u0131l yaz d\u00f6nemi boyunca staj olana\u011f\u0131 sunmaktay\u0131z. Staj yapmak isteyen \u00f6\u011frencilerin \u00f6\u011frenimleri gere\u011fi stajlar\u0131n\u0131n zorunlu olmas\u0131 ve yaz d\u00f6neminde 4 y\u0131ll\u0131k fak\u00fcltelerin 3.veya 4. s\u0131n\u0131f\u0131n\u0131 bitiriyor olmalar\u0131 ba\u015fvuru yapabilmeleri i\u00e7in \u00f6n \u015fartt\u0131r.<\/p>\n<p>Staj ba\u015fvurusu kabul d\u00f6nemleri her y\u0131l 15 \u015eubat \u2013 01 Nisan tarihleri aras\u0131nda ger\u00e7ekle\u015fir. Ba\u015fvurular\u0131n\u0131z\u0131 \u201cStaj Ba\u015fvuru Formu\u201d linkinden iletebilirsiniz.[\/et_pb_text][dsm_button button_one_text=&#8221;Staj Ba\u015fvuru Formu&#8221; button_one_url=&#8221;\/tr\/kariyer\/staj-olanaklari\/&#8221; button_alignment=&#8221;left&#8221; module_class=&#8221;home_gambi&#8221; _builder_version=&#8221;4.14.7&#8243; _module_preset=&#8221;default&#8221; custom_button_one=&#8221;on&#8221; button_one_text_size=&#8221;14px&#8221; button_one_text_color=&#8221;#F34034&#8243; button_one_bg_color=&#8221;RGBA(255,255,255,0)&#8221; button_one_border_width=&#8221;0px&#8221; button_one_border_radius=&#8221;100px&#8221; button_one_font=&#8221;|600|||||||&#8221; button_one_icon=&#8221;&#x35;||divi||400&#8243; button_one_icon_color=&#8221;#EF4136&#8243; button_one_on_hover=&#8221;off&#8221; button_one_custom_padding=&#8221;8px|54px|8px|32px|false|false&#8221; custom_button_two=&#8221;on&#8221; button_two_text_size=&#8221;14px&#8221; button_two_text_color=&#8221;#F34034&#8243; button_two_border_width=&#8221;0px&#8221; button_two_border_radius=&#8221;100px&#8221; button_two_font=&#8221;|600|||||||&#8221; button_two_icon=&#8221;&#x35;||divi||400&#8243; button_two_icon_color=&#8221;#EF4136&#8243; button_two_on_hover=&#8221;off&#8221; button_two_custom_padding=&#8221;8px|54px|8px|32px|false|false&#8221; custom_margin=&#8221;45px||0px||false|false&#8221; custom_padding=&#8221;0px||0px||true|false&#8221; locked=&#8221;off&#8221; global_colors_info=&#8221;{}&#8221; button_one_bg_color__hover_enabled=&#8221;on|hover&#8221; button_one_bg_color__hover=&#8221;#FFFFFF&#8221; button_one_bg_enable_color__hover=&#8221;on&#8221; button_two_bg_color__hover=&#8221;#FFFFFF&#8221; button_two_bg_color__hover_enabled=&#8221;on|hover&#8221; button_two_bg_enable_color__hover=&#8221;on&#8221; button_two_text_color__hover_enabled=&#8221;off|hover&#8221; button_two_text_color__hover=&#8221;#013462&#8243;][\/dsm_button][\/et_pb_column][\/et_pb_row][\/et_pb_section]<\/p>\n","protected":false},"excerpt":{"rendered":"<p>RST TEKNOLOJ\u0130 RST&#8217;de Kariyer<div class=\"et_pb_module dsm_breadcrumbs dsm_breadcrumbs_0\">\n\t\t\t\t\n\t\t\t\t\n\t\t\t\t\n\t\t\t\t\n\t\t\t\t\n\t\t\t\t\n\t\t\t\t<div class=\"et_pb_module_inner\">\n\t\t\t\t\t<nav class=\"dsm_breadcrumbs_wrap\" role=\"navigation\" itemscope=\"\" itemtype=\"http:\/\/schema.org\/SiteNavigationElement\">\n\t\t\t\t<ul class=\"dsm_breadcrumbs\">\n\t\t\t<li class='dsm_breadcrumbs_item dsm_home_item dsm_home_item_custom'>\n\t\t\t\t<a href=\"https:\/\/rstteknoloji.com.tr\/tr\/\" itemprop=\"url\">\n\t\t\t\t\t<span class='dsm_home_text_wrapper'>\n\t\t\t\t\t\t\t\t\t\t\t\t\t<span class=\"dsm_home_text\" itemprop=\"name\">\n\t\t\t\t\t\t\t\tAna Sayfa\t\t\t\t\t\t\t<\/span>\n\t\t\t\t\t<\/span>\n\t\t\t\t<\/a>\n\t\t\t<\/li>\n\n\t\t<li class=\"dsm_breadcrumbs_separator\"> <span class=\"et-pb-icon dsm_separator_icon\">5<\/span><\/li><\/ul>\n\t\t\t<\/nav>\n\t\t\t\t<\/div>\n\t\t\t<\/div>RST TEKNOLOJ\u0130 Hep Daha \u0130yiye!\u0130nsan Kaynaklar\u0131, her \u00e7al\u0131\u015fan\u0131n ayr\u0131 bir de\u011fer oldu\u011funu kabul eden, \u015feffafl\u0131k, d\u00fcr\u00fcstl\u00fck, \u00e7al\u0131\u015fanlar\u0131n mutlulu\u011fu, g\u00fcvenilirlik de\u011ferlerini \u00f6n planda [&hellip;]<\/p>\n","protected":false},"author":1,"featured_media":0,"parent":0,"menu_order":0,"comment_status":"closed","ping_status":"closed","template":"","meta":{"_et_pb_use_builder":"on","_et_pb_old_content":"","_et_gb_content_width":"","footnotes":""},"class_list":["post-44609","page","type-page","status-publish","hentry"],"_links":{"self":[{"href":"https:\/\/rstteknoloji.com.tr\/tr\/wp-json\/wp\/v2\/pages\/44609","targetHints":{"allow":["GET"]}}],"collection":[{"href":"https:\/\/rstteknoloji.com.tr\/tr\/wp-json\/wp\/v2\/pages"}],"about":[{"href":"https:\/\/rstteknoloji.com.tr\/tr\/wp-json\/wp\/v2\/types\/page"}],"author":[{"embeddable":true,"href":"https:\/\/rstteknoloji.com.tr\/tr\/wp-json\/wp\/v2\/users\/1"}],"replies":[{"embeddable":true,"href":"https:\/\/rstteknoloji.com.tr\/tr\/wp-json\/wp\/v2\/comments?post=44609"}],"version-history":[{"count":0,"href":"https:\/\/rstteknoloji.com.tr\/tr\/wp-json\/wp\/v2\/pages\/44609\/revisions"}],"wp:attachment":[{"href":"https:\/\/rstteknoloji.com.tr\/tr\/wp-json\/wp\/v2\/media?parent=44609"}],"curies":[{"name":"wp","href":"https:\/\/api.w.org\/{rel}","templated":true}]}}