{"id":44629,"date":"2021-12-23T17:24:46","date_gmt":"2021-12-23T14:24:46","guid":{"rendered":"https:\/\/rstteknoloji.com.tr\/corporate\/"},"modified":"2024-05-15T18:04:22","modified_gmt":"2024-05-15T15:04:22","slug":"kurumsal","status":"publish","type":"page","link":"https:\/\/rstteknoloji.com.tr\/tr\/kurumsal\/","title":{"rendered":"Kurumsal"},"content":{"rendered":"<p>[et_pb_section fb_built=&#8221;1&#8243; custom_padding_last_edited=&#8221;on|phone&#8221; _builder_version=&#8221;4.16&#8243; _module_preset=&#8221;default&#8221; background_color=&#8221;#013462&#8243; background_image=&#8221;https:\/\/rstteknoloji.com.tr\/wp-content\/uploads\/2022\/02\/rst01.jpg&#8221; background_blend=&#8221;multiply&#8221; custom_padding=&#8221;|0px|0px|0px|false|true&#8221; custom_padding_tablet=&#8221;|60px||60px|false|true&#8221; custom_padding_phone=&#8221;|45px||45px|false|true&#8221; locked=&#8221;off&#8221; global_colors_info=&#8221;{}&#8221;][et_pb_row column_structure=&#8221;3_5,2_5&#8243; _builder_version=&#8221;4.16&#8243; _module_preset=&#8221;default&#8221; width=&#8221;100%&#8221; custom_margin=&#8221;120px|auto||auto|false|false&#8221; custom_margin_tablet=&#8221;60px|auto||auto|false|false&#8221; custom_margin_phone=&#8221;60px||||false|false&#8221; custom_margin_last_edited=&#8221;on|phone&#8221; global_colors_info=&#8221;{}&#8221;][et_pb_column type=&#8221;3_5&#8243; _builder_version=&#8221;4.16&#8243; _module_preset=&#8221;default&#8221; global_colors_info=&#8221;{}&#8221;][et_pb_text _builder_version=&#8221;4.16&#8243; _module_preset=&#8221;default&#8221; header_font=&#8221;||||||||&#8221; header_text_color=&#8221;#FFFFFF&#8221; header_font_size=&#8221;36px&#8221; header_2_font=&#8221;|300|||||||&#8221; header_2_text_color=&#8221;#013462&#8243; header_2_font_size=&#8221;36px&#8221; header_6_font=&#8221;|600||on|||||&#8221; header_6_text_color=&#8221;#CF4239&#8243; header_6_font_size=&#8221;10px&#8221; header_6_letter_spacing=&#8221;2px&#8221; header_6_line_height=&#8221;1.6em&#8221; custom_padding=&#8221;0px||15px||false|false&#8221; custom_padding_tablet=&#8221;0px||15px||false|false&#8221; custom_padding_phone=&#8221;0px||0px||false|false&#8221; custom_padding_last_edited=&#8221;on|phone&#8221; header_font_size_tablet=&#8221;36px&#8221; header_font_size_phone=&#8221;32px&#8221; header_font_size_last_edited=&#8221;on|phone&#8221; header_2_font_size_phone=&#8221;24px&#8221; header_2_font_size_last_edited=&#8221;off|phone&#8221; locked=&#8221;off&#8221; global_colors_info=&#8221;{}&#8221;]<\/p>\n<h6>RST TEKNOLOJ\u0130<\/h6>\n<h1>Kurumsal<\/h1>\n<p>[\/et_pb_text][\/et_pb_column][et_pb_column type=&#8221;2_5&#8243; _builder_version=&#8221;4.16&#8243; _module_preset=&#8221;default&#8221; global_colors_info=&#8221;{}&#8221;][dsm_breadcrumbs home_text=&#8221;Ana Sayfa&#8221; show_home_icon=&#8221;off&#8221; align=&#8221;right&#8221; separator_bottom=&#8221;14px&#8221; align_tablet=&#8221;left&#8221; align_phone=&#8221;left&#8221; align_last_edited=&#8221;on|phone&#8221; _builder_version=&#8221;4.16&#8243; _module_preset=&#8221;default&#8221; items_font=&#8221;|||on|||||&#8221; items_text_color=&#8221;#FFFFFF&#8221; items_font_size=&#8221;10px&#8221; items_letter_spacing=&#8221;2px&#8221; separators_text_color=&#8221;#F5FAFC&#8221; current_font=&#8221;|||on|||||&#8221; current_text_color=&#8221;#F34034&#8243; current_font_size=&#8221;10px&#8221; current_letter_spacing=&#8221;2px&#8221; module_alignment=&#8221;right&#8221; custom_margin=&#8221;35px||||false|false&#8221; custom_margin_tablet=&#8221;0px||||false|false&#8221; custom_margin_phone=&#8221;0px||0px||true|false&#8221; custom_margin_last_edited=&#8221;on|desktop&#8221; custom_padding_tablet=&#8221;&#8221; custom_padding_phone=&#8221;0px||0px||true|false&#8221; custom_padding_last_edited=&#8221;on|phone&#8221; custom_css_main_element=&#8221;display: block;&#8221; global_colors_info=&#8221;{}&#8221;][\/dsm_breadcrumbs][\/et_pb_column][\/et_pb_row][\/et_pb_section][et_pb_section fb_built=&#8221;1&#8243; custom_padding_last_edited=&#8221;on|phone&#8221; _builder_version=&#8221;4.16&#8243; _module_preset=&#8221;default&#8221; background_color=&#8221;#FFFFFF&#8221; background_color_gradient_start=&#8221;#ffffff&#8221; background_color_gradient_end=&#8221;#f5fafc&#8221; custom_margin=&#8221;0px||0px||true|false&#8221; custom_padding=&#8221;90px||90px||false|false&#8221; custom_padding_tablet=&#8221;90px|60px|90px|60px|false|true&#8221; custom_padding_phone=&#8221;|45px||45px|false|true&#8221; locked=&#8221;off&#8221; global_colors_info=&#8221;{}&#8221;][et_pb_row column_structure=&#8221;2_5,3_5&#8243; _builder_version=&#8221;4.16&#8243; _module_preset=&#8221;default&#8221; width=&#8221;100%&#8221; custom_margin=&#8221;0px||0px||true|false&#8221; custom_padding=&#8221;0px||0px||false|false&#8221; locked=&#8221;off&#8221; global_colors_info=&#8221;{}&#8221;][et_pb_column type=&#8221;2_5&#8243; _builder_version=&#8221;4.16&#8243; _module_preset=&#8221;default&#8221; global_colors_info=&#8221;{}&#8221;][et_pb_text _builder_version=&#8221;4.16&#8243; _module_preset=&#8221;default&#8221; text_font=&#8221;|300|||||||&#8221; text_text_color=&#8221;#333333&#8243; text_line_height=&#8221;1.8em&#8221; header_3_font=&#8221;||||||||&#8221; header_3_text_color=&#8221;#013462&#8243; header_3_font_size=&#8221;26px&#8221; header_3_line_height=&#8221;1.4em&#8221; header_5_text_color=&#8221;#212529&#8243; header_5_font_size=&#8221;21px&#8221; header_5_line_height=&#8221;1.6em&#8221; header_6_font=&#8221;||||||||&#8221; header_6_text_color=&#8221;rgba(0,0,0,0.4)&#8221; header_6_font_size=&#8221;20px&#8221; header_6_line_height=&#8221;1.6em&#8221; custom_margin=&#8221;0px||0px||false|false&#8221; custom_padding=&#8221;0px||0px||false|false&#8221; header_3_font_size_tablet=&#8221;26px&#8221; header_3_font_size_phone=&#8221;22px&#8221; header_3_font_size_last_edited=&#8221;on|phone&#8221; locked=&#8221;off&#8221; global_colors_info=&#8221;{}&#8221;]<\/p>\n<h3>Elektronik, uzay, savunma ve havac\u0131l\u0131k alanlar\u0131nda faaliyet g\u00f6steren RST, 2012 y\u0131l\u0131nda Ankara\u2019da kurulmu\u015ftur.<\/h3>\n<p>[\/et_pb_text][\/et_pb_column][et_pb_column type=&#8221;3_5&#8243; _builder_version=&#8221;4.16&#8243; _module_preset=&#8221;default&#8221; global_colors_info=&#8221;{}&#8221;][et_pb_text _builder_version=&#8221;4.16&#8243; _module_preset=&#8221;default&#8221; text_font=&#8221;|300|||||||&#8221; text_text_color=&#8221;#333333&#8243; text_line_height=&#8221;1.8em&#8221; header_3_font=&#8221;|700|||||||&#8221; header_3_text_color=&#8221;#000000&#8243; header_3_font_size=&#8221;34px&#8221; header_3_line_height=&#8221;1.6em&#8221; header_5_text_color=&#8221;#212529&#8243; header_5_font_size=&#8221;21px&#8221; header_5_line_height=&#8221;1.6em&#8221; header_6_font=&#8221;||||||||&#8221; header_6_text_color=&#8221;rgba(0,0,0,0.4)&#8221; header_6_font_size=&#8221;20px&#8221; header_6_line_height=&#8221;1.6em&#8221; custom_margin=&#8221;0px||0px||false|false&#8221; custom_padding=&#8221;0px||0px||false|false&#8221; locked=&#8221;off&#8221; global_colors_info=&#8221;{}&#8221;]Sivil ve askeri alanlarda hizmet veren \u00e7\u00f6z\u00fcm odakl\u0131 bir \u015firket olarak \u00fclkemizin havac\u0131l\u0131k, elektronik, uzay ve savunma alan\u0131ndaki geli\u015fmelerde daha etkin yer almas\u0131 amac\u0131yla Hacettepe Teknokent\u2019te faaliyetlerine ba\u015flam\u0131\u015ft\u0131r. M\u00fchendislik ve proje y\u00f6netimi konular\u0131nda tecr\u00fcbe sahibi, teknolojik geli\u015fmeleri yak\u0131ndan takip eden uzman kadrosuyla yenilik\u00e7i ve yarat\u0131c\u0131 projelerde \u00e7al\u0131\u015fmalar\u0131n\u0131 s\u00fcrd\u00fcrmektedir.<\/p>\n<p>RST, ulusal ve uluslararas\u0131 standartlara uygun olarak ileri teknolojili yaz\u0131l\u0131m, donan\u0131m ve sistem \u00e7\u00f6z\u00fcmlerinin tasar\u0131m, geli\u015ftirme ve \u00fcretim faaliyetlerini ger\u00e7ekle\u015ftirmektedir. Y\u00f6netti\u011fi projeler ile temel olarak, kritik sistemlerin tasar\u0131m\u0131 \u00fczerine ba\u011f\u0131ms\u0131z ve milli bir bilgi birikimi (know-how) kazanmaya ve bu sistemlerin \u00fcretim yetkinli\u011fine sahip olmaya odaklanmaktad\u0131r.[\/et_pb_text][\/et_pb_column][\/et_pb_row][\/et_pb_section][et_pb_section fb_built=&#8221;1&#8243; custom_padding_last_edited=&#8221;on|phone&#8221; _builder_version=&#8221;4.16&#8243; _module_preset=&#8221;default&#8221; background_color=&#8221;#F5FAFC&#8221; custom_padding=&#8221;90px||90px||true|false&#8221; custom_padding_tablet=&#8221;|60px||60px|true|true&#8221; custom_padding_phone=&#8221;|45px||45px|true|true&#8221; global_colors_info=&#8221;{}&#8221;][et_pb_row column_structure=&#8221;2_5,3_5&#8243; _builder_version=&#8221;4.16&#8243; _module_preset=&#8221;default&#8221; width=&#8221;100%&#8221; custom_margin=&#8221;0px||0px||true|false&#8221; custom_padding=&#8221;0px||0px||true|false&#8221; global_colors_info=&#8221;{}&#8221;][et_pb_column type=&#8221;2_5&#8243; _builder_version=&#8221;4.16&#8243; _module_preset=&#8221;default&#8221; global_colors_info=&#8221;{}&#8221;][et_pb_image src=&#8221;https:\/\/rstteknoloji.com.tr\/wp-content\/uploads\/2023\/12\/kurumsal-img.png&#8221; title_text=&#8221;kurumsal-img&#8221; _builder_version=&#8221;4.23.1&#8243; _module_preset=&#8221;default&#8221; custom_margin=&#8221;30px||||false|false&#8221; custom_margin_tablet=&#8221;30px||||false|false&#8221; custom_margin_phone=&#8221;0px||30px||false|false&#8221; custom_margin_last_edited=&#8221;on|phone&#8221; custom_padding=&#8221;|30px|||false|false&#8221; global_colors_info=&#8221;{}&#8221;][\/et_pb_image][\/et_pb_column][et_pb_column type=&#8221;3_5&#8243; _builder_version=&#8221;4.16&#8243; _module_preset=&#8221;default&#8221; global_colors_info=&#8221;{}&#8221;][et_pb_text _builder_version=&#8221;4.16&#8243; _module_preset=&#8221;default&#8221; header_font=&#8221;||||||||&#8221; header_text_color=&#8221;#013462&#8243; header_font_size=&#8221;36px&#8221; header_2_font=&#8221;|300|||||||&#8221; header_2_text_color=&#8221;#013462&#8243; header_2_font_size=&#8221;36px&#8221; header_6_font=&#8221;|600||on|||||&#8221; header_6_text_color=&#8221;#CF4239&#8243; header_6_font_size=&#8221;10px&#8221; header_6_letter_spacing=&#8221;2px&#8221; header_6_line_height=&#8221;1.6em&#8221; custom_margin=&#8221;0px||0px||false|false&#8221; custom_padding=&#8221;0px||15px||false|false&#8221; header_font_size_tablet=&#8221;36px&#8221; header_font_size_phone=&#8221;32px&#8221; header_font_size_last_edited=&#8221;on|phone&#8221; locked=&#8221;off&#8221; global_colors_info=&#8221;{}&#8221;]<\/p>\n<h6>RST TEKNOLOJ\u0130<\/h6>\n<h1>Tarih\u00e7emiz<\/h1>\n<p>[\/et_pb_text][dsm_icon_list icon_color=&#8221;#013462&#8243; icon_background_color=&#8221;#FFFFFF&#8221; icon_padding=&#8221;6px&#8221; icon_font_size=&#8221;12px&#8221; text_indent=&#8221;15px&#8221; _builder_version=&#8221;4.23.4&#8243; _module_preset=&#8221;default&#8221; text_font=&#8221;|300|||||||&#8221; text_text_color=&#8221;#333333&#8243; text_line_height=&#8221;1.6em&#8221; border_radii_icon=&#8221;on|100px|100px|100px|100px&#8221; locked=&#8221;off&#8221; global_colors_info=&#8221;{}&#8221;][dsm_icon_list_child text=&#8221;Nisan, 2012 \u2013 RST\u2019nin kurulu\u015fu \u2013 ODT\u00dc Teknokent\u2019teyiz&#8221; font_icon=&#8221;&#x35;||divi||400&#8243; _builder_version=&#8221;4.16&#8243; _module_preset=&#8221;default&#8221; custom_margin=&#8221;0px||0px||true|false&#8221; custom_padding=&#8221;0px||15px||false|false&#8221; global_colors_info=&#8221;{}&#8221;][\/dsm_icon_list_child][dsm_icon_list_child text=&#8221;May\u0131s, 2013 \u2013 RST ilk defa IDEF\u2019te&#8221; font_icon=&#8221;&#x35;||divi||400&#8243; _builder_version=&#8221;4.16&#8243; _module_preset=&#8221;default&#8221; custom_margin=&#8221;0px||0px||true|false&#8221; custom_padding=&#8221;0px||15px||false|false&#8221; global_colors_info=&#8221;{}&#8221;][\/dsm_icon_list_child][dsm_icon_list_child text=&#8221;A\u011fustos, 2013 \u2013 Hacettepe Teknokent\u2019e ge\u00e7i\u015f&#8221; font_icon=&#8221;&#x35;||divi||400&#8243; _builder_version=&#8221;4.16&#8243; _module_preset=&#8221;default&#8221; custom_margin=&#8221;0px||0px||true|false&#8221; custom_padding=&#8221;0px||15px||false|false&#8221; global_colors_info=&#8221;{}&#8221;][\/dsm_icon_list_child][dsm_icon_list_child text=&#8221;\u015eubat, 2014 \u2013 ISO 9001:2008 Kalite Belgesinin al\u0131nmas\u0131&#8221; font_icon=&#8221;&#x35;||divi||400&#8243; _builder_version=&#8221;4.16&#8243; _module_preset=&#8221;default&#8221; custom_margin=&#8221;0px||0px||true|false&#8221; custom_padding=&#8221;0px||15px||false|false&#8221; global_colors_info=&#8221;{}&#8221;][\/dsm_icon_list_child][dsm_icon_list_child text=&#8221;Haziran, 2016 \u2013 \u0130lk TEYDEB projesinin imzalanmas\u0131&#8221; font_icon=&#8221;&#x35;||divi||400&#8243; _builder_version=&#8221;4.16&#8243; _module_preset=&#8221;default&#8221; custom_margin=&#8221;0px||0px||true|false&#8221; custom_padding=&#8221;0px||15px||false|false&#8221; global_colors_info=&#8221;{}&#8221;][\/dsm_icon_list_child][dsm_icon_list_child text=&#8221;Haziran, 2016 \u2013 METRAD yerlilik belgesinin al\u0131nmas\u0131&#8221; font_icon=&#8221;&#x35;||divi||400&#8243; _builder_version=&#8221;4.16&#8243; _module_preset=&#8221;default&#8221; custom_margin=&#8221;0px||0px||true|false&#8221; custom_padding=&#8221;0px||15px||false|false&#8221; global_colors_info=&#8221;{}&#8221;][\/dsm_icon_list_child][dsm_icon_list_child text=&#8221;Nisan, 2018 \u2013 \u0130lk yurt d\u0131\u015f\u0131 fuar, ihracat hedefimiz&#8221; font_icon=&#8221;&#x35;||divi||400&#8243; _builder_version=&#8221;4.16&#8243; _module_preset=&#8221;default&#8221; custom_margin=&#8221;0px||0px||true|false&#8221; custom_padding=&#8221;0px||15px||false|false&#8221; global_colors_info=&#8221;{}&#8221;][\/dsm_icon_list_child][dsm_icon_list_child text=&#8221;Ocak, 2019 \u2013 RST\u2019nin ilk SSB ana y\u00fcklenici s\u00f6zle\u015fmesini imzalamas\u0131&#8221; font_icon=&#8221;&#x35;||divi||400&#8243; _builder_version=&#8221;4.16&#8243; _module_preset=&#8221;default&#8221; custom_margin=&#8221;0px||0px||true|false&#8221; custom_padding=&#8221;0px||15px||false|false&#8221; global_colors_info=&#8221;{}&#8221;][\/dsm_icon_list_child][dsm_icon_list_child text=&#8221;A\u011fustos , 2019 \u2013 B\u00fcy\u00fcyoruz, personel say\u0131m\u0131z 50&#8217;yi ge\u00e7ti&#8221; font_icon=&#8221;&#x35;||divi||400&#8243; _builder_version=&#8221;4.16&#8243; _module_preset=&#8221;default&#8221; custom_margin=&#8221;0px||0px||true|false&#8221; custom_padding=&#8221;0px||15px||false|false&#8221; global_colors_info=&#8221;{}&#8221;][\/dsm_icon_list_child][dsm_icon_list_child text=&#8221;Kas\u0131m, 2021 \u2013 1 adet \u0130nsans\u0131z Hava Arac\u0131 Tespit Radar\u0131 (DORUK) ihracat\u0131 Kore\u2019ye yap\u0131lm\u0131\u015ft\u0131r.&#8221; font_icon=&#8221;&#x35;||divi||400&#8243; _builder_version=&#8221;4.23.1&#8243; _module_preset=&#8221;default&#8221; custom_margin=&#8221;0px||0px||true|false&#8221; custom_padding=&#8221;0px||15px||false|false&#8221; global_colors_info=&#8221;{}&#8221;][\/dsm_icon_list_child][dsm_icon_list_child text=&#8221;Aral\u0131k, 2021 \u2013 EMI\/GPR Sens\u00f6r\u00fc Entegre EYP Tespit Robotu\u2019nun (GAMBI) EGM\u2019ye teslimat\u0131 i\u00e7in kabul tamamlanm\u0131\u015ft\u0131r.&#8221; font_icon=&#8221;&#x35;||divi||400&#8243; _builder_version=&#8221;4.23.1&#8243; _module_preset=&#8221;default&#8221; custom_margin=&#8221;0px||0px||true|false&#8221; custom_padding=&#8221;0px||15px||false|false&#8221; global_colors_info=&#8221;{}&#8221;][\/dsm_icon_list_child][dsm_icon_list_child text=&#8221;Ocak, 2024  \u2013  Tasar\u0131m odakl\u0131 organizasyondan, tasar\u0131m ve \u00fcretim odakl\u0131 organizasyona ge\u00e7i\u015f&#8221; font_icon=&#8221;&#x35;||divi||400&#8243; _builder_version=&#8221;4.23.4&#8243; _module_preset=&#8221;default&#8221; custom_margin=&#8221;0px||0px||true|false&#8221; custom_padding=&#8221;0px||15px||false|false&#8221; global_colors_info=&#8221;{}&#8221;][\/dsm_icon_list_child][\/dsm_icon_list][\/et_pb_column][\/et_pb_row][\/et_pb_section][et_pb_section fb_built=&#8221;1&#8243; custom_padding_last_edited=&#8221;on|tablet&#8221; _builder_version=&#8221;4.16&#8243; _module_preset=&#8221;default&#8221; custom_padding_tablet=&#8221;|60px||60px|false|true&#8221; custom_padding_phone=&#8221;|45px||45px|false|true&#8221; global_colors_info=&#8221;{}&#8221;][et_pb_row _builder_version=&#8221;4.16&#8243; _module_preset=&#8221;default&#8221; width=&#8221;100%&#8221; global_colors_info=&#8221;{}&#8221;][et_pb_column type=&#8221;4_4&#8243; _builder_version=&#8221;4.16&#8243; _module_preset=&#8221;default&#8221; global_colors_info=&#8221;{}&#8221;][et_pb_text _builder_version=&#8221;4.16&#8243; _module_preset=&#8221;default&#8221; header_font=&#8221;||||||||&#8221; header_text_color=&#8221;#013462&#8243; header_font_size=&#8221;36px&#8221; header_2_font=&#8221;|300|||||||&#8221; header_2_text_color=&#8221;#013462&#8243; header_2_font_size=&#8221;36px&#8221; header_6_font=&#8221;|600||on|||||&#8221; header_6_text_color=&#8221;#CF4239&#8243; header_6_font_size=&#8221;10px&#8221; header_6_letter_spacing=&#8221;2px&#8221; header_6_line_height=&#8221;1.6em&#8221; custom_margin=&#8221;0px||0px||false|false&#8221; custom_padding=&#8221;0px||15px||false|false&#8221; header_font_size_tablet=&#8221;36px&#8221; header_font_size_phone=&#8221;32px&#8221; header_font_size_last_edited=&#8221;on|phone&#8221; locked=&#8221;off&#8221; global_colors_info=&#8221;{}&#8221;]<\/p>\n<h6>RST TEKNOLOJ\u0130<\/h6>\n<h1>Y\u00f6netim Kurulu<\/h1>\n<p>[\/et_pb_text][\/et_pb_column][\/et_pb_row][et_pb_row column_structure=&#8221;1_4,1_4,1_4,1_4&#8243; use_custom_gutter=&#8221;on&#8221; _builder_version=&#8221;4.25.1&#8243; _module_preset=&#8221;default&#8221; width=&#8221;100%&#8221; custom_margin=&#8221;0px||||false|false&#8221; custom_padding=&#8221;0px||60px||false|false&#8221; global_colors_info=&#8221;{}&#8221;][et_pb_column type=&#8221;1_4&#8243; _builder_version=&#8221;4.16&#8243; _module_preset=&#8221;default&#8221; global_colors_info=&#8221;{}&#8221;][et_pb_blurb title=&#8221;Kenan \u00d6ZKAPICI&#8221; use_icon=&#8221;on&#8221; font_icon=&#8221;&#xf007;||fa||400&#8243; icon_color=&#8221;#ededed&#8221; image_icon_background_color=&#8221;RGBA(255,255,255,0)&#8221; image_icon_width=&#8221;32px&#8221; icon_alignment=&#8221;left&#8221; _builder_version=&#8221;4.25.1&#8243; _module_preset=&#8221;default&#8221; header_font=&#8221;||||||||&#8221; header_text_color=&#8221;#333333&#8243; header_font_size=&#8221;20px&#8221; body_font=&#8221;|600|||||||&#8221; body_text_color=&#8221;#013462&#8243; body_font_size=&#8221;16px&#8221; body_line_height=&#8221;1.4em&#8221; image_icon_custom_margin=&#8221;||-10px||false|false&#8221; global_colors_info=&#8221;{}&#8221;]<\/p>\n<p>Y\u00f6netim Kurulu<br \/>\nBa\u015fkan\u0131<\/p>\n<p>[\/et_pb_blurb][\/et_pb_column][et_pb_column type=&#8221;1_4&#8243; _builder_version=&#8221;4.16&#8243; _module_preset=&#8221;default&#8221; global_colors_info=&#8221;{}&#8221;][et_pb_blurb title=&#8221;Zafer REN\u00c7BER&#8221; use_icon=&#8221;on&#8221; font_icon=&#8221;&#xf007;||fa||400&#8243; icon_color=&#8221;#ededed&#8221; image_icon_background_color=&#8221;RGBA(255,255,255,0)&#8221; image_icon_width=&#8221;32px&#8221; icon_alignment=&#8221;left&#8221; _builder_version=&#8221;4.25.1&#8243; _module_preset=&#8221;default&#8221; header_font=&#8221;||||||||&#8221; header_text_color=&#8221;#333333&#8243; header_font_size=&#8221;20px&#8221; body_font=&#8221;|600|||||||&#8221; body_text_color=&#8221;#013462&#8243; body_font_size=&#8221;16px&#8221; body_line_height=&#8221;1.4em&#8221; image_icon_custom_margin=&#8221;||-10px||false|false&#8221; global_colors_info=&#8221;{}&#8221;]<\/p>\n<p>Y\u00f6netim Kurulu Ba\u015fkan<br \/>\nYard\u0131mc\u0131s\u0131<\/p>\n<p>[\/et_pb_blurb][\/et_pb_column][et_pb_column type=&#8221;1_4&#8243; _builder_version=&#8221;4.16&#8243; _module_preset=&#8221;default&#8221; global_colors_info=&#8221;{}&#8221;][et_pb_blurb title=&#8221;Y\u00fccel \u00d6ZDEM\u0130R&#8221; use_icon=&#8221;on&#8221; font_icon=&#8221;&#xf007;||fa||400&#8243; icon_color=&#8221;#ededed&#8221; image_icon_background_color=&#8221;RGBA(255,255,255,0)&#8221; image_icon_width=&#8221;32px&#8221; icon_alignment=&#8221;left&#8221; title_last_edited=&#8221;off|desktop&#8221; _builder_version=&#8221;4.25.1&#8243; _module_preset=&#8221;default&#8221; header_font=&#8221;||||||||&#8221; header_text_color=&#8221;#333333&#8243; header_font_size=&#8221;20px&#8221; body_font=&#8221;|600|||||||&#8221; body_text_color=&#8221;#013462&#8243; body_font_size=&#8221;16px&#8221; body_line_height=&#8221;1.4em&#8221; image_icon_custom_margin=&#8221;||-10px||false|false&#8221; hover_enabled=&#8221;0&#8243; global_colors_info=&#8221;{}&#8221; sticky_enabled=&#8221;0&#8243;]<\/p>\n<p>Y\u00f6netim Kurulu \u00dcyesi ve<br \/>\nGenel M\u00fcd\u00fcr<\/p>\n<p>[\/et_pb_blurb][\/et_pb_column][et_pb_column type=&#8221;1_4&#8243; _builder_version=&#8221;4.16&#8243; _module_preset=&#8221;default&#8221; global_colors_info=&#8221;{}&#8221;][et_pb_blurb title=&#8221;Ergenekon HASSOY&#8221; use_icon=&#8221;on&#8221; font_icon=&#8221;&#xf007;||fa||400&#8243; icon_color=&#8221;#ededed&#8221; image_icon_background_color=&#8221;RGBA(255,255,255,0)&#8221; image_icon_width=&#8221;32px&#8221; icon_alignment=&#8221;left&#8221; title_last_edited=&#8221;off|desktop&#8221; _builder_version=&#8221;4.25.1&#8243; _module_preset=&#8221;default&#8221; header_font=&#8221;||||||||&#8221; header_text_color=&#8221;#333333&#8243; header_font_size=&#8221;20px&#8221; body_font=&#8221;|600|||||||&#8221; body_text_color=&#8221;#013462&#8243; body_font_size=&#8221;16px&#8221; body_line_height=&#8221;1.4em&#8221; image_icon_custom_margin=&#8221;||-10px||false|false&#8221; global_colors_info=&#8221;{}&#8221;]<\/p>\n<p>Y\u00f6netim Kurulu<br \/>\n\u00dcyesi<\/p>\n<p>[\/et_pb_blurb][\/et_pb_column][\/et_pb_row][\/et_pb_section]<\/p>\n","protected":false},"excerpt":{"rendered":"<p>RST TEKNOLOJ\u0130 Kurumsal<div class=\"et_pb_module dsm_breadcrumbs dsm_breadcrumbs_0\">\n\t\t\t\t\n\t\t\t\t\n\t\t\t\t\n\t\t\t\t\n\t\t\t\t\n\t\t\t\t\n\t\t\t\t<div class=\"et_pb_module_inner\">\n\t\t\t\t\t<nav class=\"dsm_breadcrumbs_wrap\" role=\"navigation\" itemscope=\"\" itemtype=\"http:\/\/schema.org\/SiteNavigationElement\">\n\t\t\t\t<ul class=\"dsm_breadcrumbs\">\n\t\t\t<li class='dsm_breadcrumbs_item dsm_home_item dsm_home_item_custom'>\n\t\t\t\t<a href=\"https:\/\/rstteknoloji.com.tr\/tr\/\" itemprop=\"url\">\n\t\t\t\t\t<span class='dsm_home_text_wrapper'>\n\t\t\t\t\t\t\t\t\t\t\t\t\t<span class=\"dsm_home_text\" itemprop=\"name\">\n\t\t\t\t\t\t\t\tAna Sayfa\t\t\t\t\t\t\t<\/span>\n\t\t\t\t\t<\/span>\n\t\t\t\t<\/a>\n\t\t\t<\/li>\n\n\t\t<li class=\"dsm_breadcrumbs_separator\"> <span class=\"et-pb-icon dsm_separator_icon\">5<\/span><\/li><\/ul>\n\t\t\t<\/nav>\n\t\t\t\t<\/div>\n\t\t\t<\/div>Elektronik, uzay, savunma ve havac\u0131l\u0131k alanlar\u0131nda faaliyet g\u00f6steren RST, 2012 y\u0131l\u0131nda Ankara\u2019da kurulmu\u015ftur.Sivil ve askeri alanlarda hizmet veren \u00e7\u00f6z\u00fcm odakl\u0131 bir \u015firket olarak [&hellip;]<\/p>\n","protected":false},"author":1,"featured_media":0,"parent":0,"menu_order":0,"comment_status":"closed","ping_status":"closed","template":"","meta":{"_et_pb_use_builder":"on","_et_pb_old_content":"","_et_gb_content_width":"","footnotes":""},"class_list":["post-44629","page","type-page","status-publish","hentry"],"_links":{"self":[{"href":"https:\/\/rstteknoloji.com.tr\/tr\/wp-json\/wp\/v2\/pages\/44629","targetHints":{"allow":["GET"]}}],"collection":[{"href":"https:\/\/rstteknoloji.com.tr\/tr\/wp-json\/wp\/v2\/pages"}],"about":[{"href":"https:\/\/rstteknoloji.com.tr\/tr\/wp-json\/wp\/v2\/types\/page"}],"author":[{"embeddable":true,"href":"https:\/\/rstteknoloji.com.tr\/tr\/wp-json\/wp\/v2\/users\/1"}],"replies":[{"embeddable":true,"href":"https:\/\/rstteknoloji.com.tr\/tr\/wp-json\/wp\/v2\/comments?post=44629"}],"version-history":[{"count":0,"href":"https:\/\/rstteknoloji.com.tr\/tr\/wp-json\/wp\/v2\/pages\/44629\/revisions"}],"wp:attachment":[{"href":"https:\/\/rstteknoloji.com.tr\/tr\/wp-json\/wp\/v2\/media?parent=44629"}],"curies":[{"name":"wp","href":"https:\/\/api.w.org\/{rel}","templated":true}]}}