{"id":44639,"date":"2021-12-23T17:28:03","date_gmt":"2021-12-23T14:28:03","guid":{"rendered":"https:\/\/rstteknoloji.com.tr\/kurumsal\/values-and-ethical-principles\/"},"modified":"2023-05-08T15:27:40","modified_gmt":"2023-05-08T12:27:40","slug":"deger-ve-etik-ilkeler","status":"publish","type":"page","link":"https:\/\/rstteknoloji.com.tr\/tr\/kurumsal\/deger-ve-etik-ilkeler\/","title":{"rendered":"De\u011fer ve Etik \u0130lkeler"},"content":{"rendered":"<p>[et_pb_section fb_built=&#8221;1&#8243; custom_padding_last_edited=&#8221;on|phone&#8221; _builder_version=&#8221;4.16&#8243; _module_preset=&#8221;default&#8221; background_color=&#8221;#013462&#8243; background_image=&#8221;https:\/\/rstteknoloji.com.tr\/wp-content\/uploads\/2022\/02\/rst01.jpg&#8221; background_blend=&#8221;multiply&#8221; custom_padding=&#8221;|0px|0px|0px|false|true&#8221; custom_padding_tablet=&#8221;|60px||60px|false|true&#8221; custom_padding_phone=&#8221;|45px||45px|false|true&#8221; locked=&#8221;off&#8221; global_colors_info=&#8221;{}&#8221;][et_pb_row column_structure=&#8221;3_5,2_5&#8243; _builder_version=&#8221;4.16&#8243; _module_preset=&#8221;default&#8221; width=&#8221;100%&#8221; custom_margin=&#8221;120px|auto||auto|false|false&#8221; custom_margin_tablet=&#8221;60px|auto||auto|false|false&#8221; custom_margin_phone=&#8221;60px||||false|false&#8221; custom_margin_last_edited=&#8221;on|phone&#8221; global_colors_info=&#8221;{}&#8221;][et_pb_column type=&#8221;3_5&#8243; _builder_version=&#8221;4.16&#8243; _module_preset=&#8221;default&#8221; global_colors_info=&#8221;{}&#8221;][et_pb_text _builder_version=&#8221;4.16&#8243; _module_preset=&#8221;default&#8221; header_font=&#8221;||||||||&#8221; header_text_color=&#8221;#FFFFFF&#8221; header_font_size=&#8221;36px&#8221; header_2_font=&#8221;|300|||||||&#8221; header_2_text_color=&#8221;#013462&#8243; header_2_font_size=&#8221;36px&#8221; header_6_font=&#8221;|600||on|||||&#8221; header_6_text_color=&#8221;#CF4239&#8243; header_6_font_size=&#8221;10px&#8221; header_6_letter_spacing=&#8221;2px&#8221; header_6_line_height=&#8221;1.6em&#8221; custom_padding=&#8221;0px||15px||false|false&#8221; custom_padding_tablet=&#8221;0px||15px||false|false&#8221; custom_padding_phone=&#8221;0px||0px||false|false&#8221; custom_padding_last_edited=&#8221;on|phone&#8221; header_font_size_tablet=&#8221;36px&#8221; header_font_size_phone=&#8221;32px&#8221; header_font_size_last_edited=&#8221;on|phone&#8221; header_2_font_size_phone=&#8221;24px&#8221; header_2_font_size_last_edited=&#8221;off|phone&#8221; locked=&#8221;off&#8221; global_colors_info=&#8221;{}&#8221;]<\/p>\n<h6>RST TEKNOLOJ\u0130<\/h6>\n<h1>De\u011fer ve Etik \u0130lkeler<\/h1>\n<p>[\/et_pb_text][\/et_pb_column][et_pb_column type=&#8221;2_5&#8243; _builder_version=&#8221;4.16&#8243; _module_preset=&#8221;default&#8221; global_colors_info=&#8221;{}&#8221;][dsm_breadcrumbs home_text=&#8221;Ana Sayfa&#8221; show_home_icon=&#8221;off&#8221; align=&#8221;right&#8221; separator_bottom=&#8221;14px&#8221; align_tablet=&#8221;left&#8221; align_phone=&#8221;left&#8221; align_last_edited=&#8221;on|phone&#8221; _builder_version=&#8221;4.16&#8243; _module_preset=&#8221;default&#8221; items_font=&#8221;|||on|||||&#8221; items_text_color=&#8221;#FFFFFF&#8221; items_font_size=&#8221;10px&#8221; items_letter_spacing=&#8221;2px&#8221; separators_text_color=&#8221;#F5FAFC&#8221; current_font=&#8221;|||on|||||&#8221; current_text_color=&#8221;#F34034&#8243; current_font_size=&#8221;10px&#8221; current_letter_spacing=&#8221;2px&#8221; module_alignment=&#8221;right&#8221; custom_margin=&#8221;35px||||false|false&#8221; custom_margin_tablet=&#8221;0px||||false|false&#8221; custom_margin_phone=&#8221;0px||0px||true|false&#8221; custom_margin_last_edited=&#8221;on|desktop&#8221; custom_padding_tablet=&#8221;&#8221; custom_padding_phone=&#8221;0px||0px||true|false&#8221; custom_padding_last_edited=&#8221;on|phone&#8221; custom_css_main_element=&#8221;display: block;&#8221; global_colors_info=&#8221;{}&#8221;][\/dsm_breadcrumbs][\/et_pb_column][\/et_pb_row][\/et_pb_section][et_pb_section fb_built=&#8221;1&#8243; custom_padding_last_edited=&#8221;on|phone&#8221; _builder_version=&#8221;4.16&#8243; _module_preset=&#8221;default&#8221; use_background_color_gradient=&#8221;on&#8221; background_color_gradient_stops=&#8221;#ffffff 80%|#f5fafc 100%&#8221; background_color_gradient_start=&#8221;#ffffff&#8221; background_color_gradient_start_position=&#8221;80%&#8221; background_color_gradient_end=&#8221;#f5fafc&#8221; custom_padding=&#8221;90px||90px|||&#8221; custom_padding_tablet=&#8221;90px|60px|90px|60px|false|true&#8221; custom_padding_phone=&#8221;30px|45px|30px|45px|false|true&#8221; locked=&#8221;off&#8221; global_colors_info=&#8221;{}&#8221;][et_pb_row column_structure=&#8221;1_4,1_4,1_4,1_4&#8243; use_custom_gutter=&#8221;on&#8221; gutter_width=&#8221;1&#8243; _builder_version=&#8221;4.16&#8243; _module_preset=&#8221;default&#8221; width=&#8221;100%&#8221; max_width=&#8221;1140px&#8221; global_colors_info=&#8221;{}&#8221;][et_pb_column type=&#8221;1_4&#8243; _builder_version=&#8221;4.16&#8243; _module_preset=&#8221;default&#8221; background_color=&#8221;RGBA(255,255,255,0)&#8221; custom_padding=&#8221;30px|30px|30px|30px|true|true&#8221; custom_padding_tablet=&#8221;30px|30px|30px|30px|true|true&#8221; custom_padding_phone=&#8221;30px|30px|30px|30px|true|true&#8221; custom_padding_last_edited=&#8221;on|tablet&#8221; border_width_right=&#8221;1px&#8221; border_color_right=&#8221;#efefef&#8221; border_width_right_tablet=&#8221;0px&#8221; border_width_right_phone=&#8221;0px&#8221; border_width_right_last_edited=&#8221;on|phone&#8221; box_shadow_style=&#8221;preset3&#8243; box_shadow_vertical=&#8221;0px&#8221; box_shadow_blur=&#8221;0px&#8221; box_shadow_spread=&#8221;-4px&#8221; box_shadow_color=&#8221;rgba(1,52,98,0.15)&#8221; global_colors_info=&#8221;{}&#8221; transform_styles__hover_enabled=&#8221;on|hover&#8221; transform_scale__hover_enabled=&#8221;on|hover&#8221; transform_translate__hover_enabled=&#8221;on|desktop&#8221; transform_rotate__hover_enabled=&#8221;on|desktop&#8221; transform_skew__hover_enabled=&#8221;on|desktop&#8221; transform_origin__hover_enabled=&#8221;on|desktop&#8221; transform_scale__hover=&#8221;110%|110%&#8221; box_shadow_vertical__hover_enabled=&#8221;on|hover&#8221; box_shadow_vertical__hover=&#8221;6px&#8221; box_shadow_blur__hover_enabled=&#8221;on|hover&#8221; box_shadow_blur__hover=&#8221;36px&#8221; border_radii__hover_enabled=&#8221;on|hover&#8221; border_radii__hover=&#8221;on|14px|14px|14px|14px&#8221; border_width_right__hover_enabled=&#8221;on|desktop&#8221; border_width_right__hover=&#8221;0px&#8221; background__hover_enabled=&#8221;on|desktop&#8221; background_color__hover=&#8221;#FFFFFF&#8221; background_enable_color__hover=&#8221;on&#8221; box_shadow_spread__hover_enabled=&#8221;off|hover&#8221; box_shadow_spread__hover=&#8221;0px&#8221;][et_pb_blurb title=&#8221;G\u00fcvenilir Sinerjiler&#8221; image=&#8221;https:\/\/rstteknoloji.com.tr\/wp-content\/uploads\/2022\/01\/quality.png&#8221; image_icon_width=&#8221;60px&#8221; icon_alignment=&#8221;left&#8221; _builder_version=&#8221;4.16&#8243; _module_preset=&#8221;default&#8221; header_font=&#8221;|700|||||||&#8221; header_text_align=&#8221;left&#8221; header_text_color=&#8221;#ededed&#8221; header_font_size=&#8221;32px&#8221; header_letter_spacing=&#8221;-1px&#8221; body_font=&#8221;|300|||||||&#8221; body_text_align=&#8221;left&#8221; body_text_color=&#8221;#333333&#8243; body_line_height=&#8221;1.6em&#8221; header_font_size_tablet=&#8221;32px&#8221; header_font_size_phone=&#8221;28px&#8221; header_font_size_last_edited=&#8221;on|phone&#8221; custom_css_blurb_title=&#8221;margin-top: -15px;||margin-bottom: 15px;&#8221; global_colors_info=&#8221;{}&#8221;]<\/p>\n<p>G\u00fcvenle kurulan i\u015fbirliklerine inan\u0131yoruz ve daha fazla yenilik, <strong>yarat\u0131c\u0131 d\u00fc\u015f\u00fcnce<\/strong> ve \u00fcretkenlik yaratmaya odaklan\u0131yoruz.<\/p>\n<p>[\/et_pb_blurb][\/et_pb_column][et_pb_column type=&#8221;1_4&#8243; _builder_version=&#8221;4.16&#8243; _module_preset=&#8221;default&#8221; background_color=&#8221;RGBA(255,255,255,0)&#8221; custom_padding=&#8221;30px|30px|30px|30px|true|true&#8221; custom_padding_tablet=&#8221;30px|30px|30px|30px|true|true&#8221; custom_padding_phone=&#8221;30px|30px|30px|30px|true|true&#8221; custom_padding_last_edited=&#8221;on|phone&#8221; border_width_right=&#8221;1px&#8221; border_color_right=&#8221;#efefef&#8221; border_width_all_tablet=&#8221;&#8221; border_width_all_phone=&#8221;0px&#8221; border_width_all_last_edited=&#8221;on|phone&#8221; border_width_right_tablet=&#8221;0px&#8221; border_width_right_phone=&#8221;0px&#8221; border_width_right_last_edited=&#8221;on|phone&#8221; box_shadow_style=&#8221;preset3&#8243; box_shadow_vertical=&#8221;0px&#8221; box_shadow_blur=&#8221;0px&#8221; box_shadow_spread=&#8221;-4px&#8221; box_shadow_color=&#8221;rgba(1,52,98,0.15)&#8221; global_colors_info=&#8221;{}&#8221; border_width_right__hover=&#8221;0px&#8221; border_width_right__hover_enabled=&#8221;on|desktop&#8221; transform_styles__hover_enabled=&#8221;on|hover&#8221; transform_scale__hover=&#8221;110%|110%&#8221; transform_scale__hover_enabled=&#8221;on|hover&#8221; transform_translate__hover_enabled=&#8221;on|desktop&#8221; transform_rotate__hover_enabled=&#8221;on|desktop&#8221; transform_skew__hover_enabled=&#8221;on|desktop&#8221; transform_origin__hover_enabled=&#8221;on|desktop&#8221; box_shadow_vertical__hover=&#8221;6px&#8221; box_shadow_vertical__hover_enabled=&#8221;on|hover&#8221; box_shadow_blur__hover=&#8221;36px&#8221; box_shadow_blur__hover_enabled=&#8221;on|hover&#8221; border_radii__hover=&#8221;on|14px|14px|14px|14px&#8221; border_radii__hover_enabled=&#8221;on|hover&#8221; custom_padding__hover_enabled=&#8221;off|desktop&#8221; background_color__hover=&#8221;#FFFFFF&#8221; background__hover_enabled=&#8221;on|desktop&#8221; background_enable_color__hover=&#8221;on&#8221; border_width_all__hover_enabled=&#8221;off|desktop&#8221;][et_pb_blurb title=&#8221;Teknoloji ve Yenilik&#8221; image=&#8221;https:\/\/rstteknoloji.com.tr\/wp-content\/uploads\/2022\/01\/rocket.png&#8221; image_icon_width=&#8221;60px&#8221; icon_alignment=&#8221;left&#8221; _builder_version=&#8221;4.16&#8243; _module_preset=&#8221;default&#8221; header_font=&#8221;|700|||||||&#8221; header_text_align=&#8221;left&#8221; header_text_color=&#8221;#ededed&#8221; header_font_size=&#8221;32px&#8221; header_letter_spacing=&#8221;-1px&#8221; body_font=&#8221;|300|||||||&#8221; body_text_align=&#8221;left&#8221; body_text_color=&#8221;#333333&#8243; body_line_height=&#8221;1.6em&#8221; header_font_size_tablet=&#8221;32px&#8221; header_font_size_phone=&#8221;28px&#8221; header_font_size_last_edited=&#8221;on|phone&#8221; custom_css_blurb_title=&#8221;margin-top: -15px;||margin-bottom: 15px;&#8221; global_colors_info=&#8221;{}&#8221;]<\/p>\n<p>Teknoloji ve Yenilik, t\u00fcm RST \u00fcr\u00fcnlerinin ve \u00e7\u00f6z\u00fcmlerinin temelini olu\u015fturur. En yeni teknolojilerin ve pazar de\u011fi\u015fikliklerinin \u00f6n <strong>saflar\u0131nda<\/strong> yer almak i\u00e7in \u00e7al\u0131\u015f\u0131yoruz.<\/p>\n<p>[\/et_pb_blurb][\/et_pb_column][et_pb_column type=&#8221;1_4&#8243; _builder_version=&#8221;4.16&#8243; _module_preset=&#8221;default&#8221; background_color=&#8221;RGBA(255,255,255,0)&#8221; custom_padding=&#8221;30px|30px|30px|30px|true|true&#8221; custom_padding_tablet=&#8221;30px|30px|30px|30px|true|true&#8221; custom_padding_phone=&#8221;30px|30px|30px|30px|true|true&#8221; custom_padding_last_edited=&#8221;on|phone&#8221; border_width_right=&#8221;1px&#8221; border_color_right=&#8221;#efefef&#8221; border_width_right_tablet=&#8221;0px&#8221; border_width_right_phone=&#8221;0px&#8221; border_width_right_last_edited=&#8221;on|phone&#8221; box_shadow_style=&#8221;preset3&#8243; box_shadow_vertical=&#8221;0px&#8221; box_shadow_blur=&#8221;0px&#8221; box_shadow_spread=&#8221;-4px&#8221; box_shadow_color=&#8221;rgba(1,52,98,0.15)&#8221; global_colors_info=&#8221;{}&#8221; border_width_right__hover=&#8221;0px&#8221; border_width_right__hover_enabled=&#8221;on|desktop&#8221; transform_styles__hover_enabled=&#8221;on|hover&#8221; transform_scale__hover=&#8221;110%|110%&#8221; transform_scale__hover_enabled=&#8221;on|hover&#8221; transform_translate__hover_enabled=&#8221;on|desktop&#8221; transform_rotate__hover_enabled=&#8221;on|desktop&#8221; transform_skew__hover_enabled=&#8221;on|desktop&#8221; transform_origin__hover_enabled=&#8221;on|desktop&#8221; box_shadow_vertical__hover=&#8221;6px&#8221; box_shadow_vertical__hover_enabled=&#8221;on|hover&#8221; box_shadow_blur__hover=&#8221;36px&#8221; box_shadow_blur__hover_enabled=&#8221;on|hover&#8221; border_radii__hover=&#8221;on|14px|14px|14px|14px&#8221; border_radii__hover_enabled=&#8221;on|hover&#8221; background_color__hover=&#8221;#FFFFFF&#8221; background__hover_enabled=&#8221;on|desktop&#8221; background_enable_color__hover=&#8221;on&#8221;][et_pb_blurb title=&#8221;Sayg\u0131 ve D\u00fcr\u00fcstl\u00fck&#8221; image=&#8221;https:\/\/rstteknoloji.com.tr\/wp-content\/uploads\/2022\/01\/handshake.png&#8221; image_icon_width=&#8221;60px&#8221; icon_alignment=&#8221;left&#8221; _builder_version=&#8221;4.16&#8243; _module_preset=&#8221;default&#8221; header_font=&#8221;|700|||||||&#8221; header_text_align=&#8221;left&#8221; header_text_color=&#8221;#ededed&#8221; header_font_size=&#8221;32px&#8221; header_letter_spacing=&#8221;-1px&#8221; body_font=&#8221;|300|||||||&#8221; body_text_align=&#8221;left&#8221; body_text_color=&#8221;#333333&#8243; body_line_height=&#8221;1.6em&#8221; header_font_size_tablet=&#8221;32px&#8221; header_font_size_phone=&#8221;28px&#8221; header_font_size_last_edited=&#8221;on|phone&#8221; custom_css_blurb_title=&#8221;margin-top: -15px;||margin-bottom: 15px;&#8221; global_colors_info=&#8221;{}&#8221;]<\/p>\n<p>M\u00fc\u015fterilerimiz yapt\u0131\u011f\u0131m\u0131z her \u015feyin <strong>\u00f6z\u00fcd\u00fcr<\/strong>. M\u00fc\u015fterilerimizi \u00e7\u00f6z\u00fcm ortaklar\u0131m\u0131z olarak g\u00f6r\u00fcyor ve t\u00fcm ili\u015fkilerimizde sayg\u0131l\u0131 ve d\u00fcr\u00fcst davran\u0131yoruz.<\/p>\n<p>[\/et_pb_blurb][\/et_pb_column][et_pb_column type=&#8221;1_4&#8243; _builder_version=&#8221;4.16&#8243; _module_preset=&#8221;default&#8221; background_color=&#8221;RGBA(255,255,255,0)&#8221; custom_padding=&#8221;30px|30px|30px|30px|true|true&#8221; custom_padding_tablet=&#8221;30px|30px|30px|30px|true|true&#8221; custom_padding_phone=&#8221;30px|30px|30px|30px|true|true&#8221; custom_padding_last_edited=&#8221;on|phone&#8221; border_color_right=&#8221;#efefef&#8221; box_shadow_style=&#8221;preset3&#8243; box_shadow_vertical=&#8221;0px&#8221; box_shadow_blur=&#8221;0px&#8221; box_shadow_spread=&#8221;-4px&#8221; box_shadow_color=&#8221;rgba(1,52,98,0.15)&#8221; global_colors_info=&#8221;{}&#8221; border_width_right__hover=&#8221;0px&#8221; border_width_right__hover_enabled=&#8221;off|desktop&#8221; transform_styles__hover_enabled=&#8221;on|hover&#8221; transform_scale__hover=&#8221;110%|110%&#8221; transform_scale__hover_enabled=&#8221;on|hover&#8221; transform_translate__hover_enabled=&#8221;on|desktop&#8221; transform_rotate__hover_enabled=&#8221;on|desktop&#8221; transform_skew__hover_enabled=&#8221;on|desktop&#8221; transform_origin__hover_enabled=&#8221;on|desktop&#8221; box_shadow_vertical__hover=&#8221;6px&#8221; box_shadow_vertical__hover_enabled=&#8221;on|hover&#8221; box_shadow_blur__hover=&#8221;36px&#8221; box_shadow_blur__hover_enabled=&#8221;on|hover&#8221; border_radii__hover=&#8221;on|14px|14px|14px|14px&#8221; border_radii__hover_enabled=&#8221;on|hover&#8221; background_color__hover=&#8221;#FFFFFF&#8221; background__hover_enabled=&#8221;on|desktop&#8221; background_enable_color__hover=&#8221;on&#8221;][et_pb_blurb title=&#8221;Azim ve Beceriklilik&#8221; image=&#8221;https:\/\/rstteknoloji.com.tr\/wp-content\/uploads\/2022\/01\/agile.png&#8221; image_icon_width=&#8221;60px&#8221; icon_alignment=&#8221;left&#8221; _builder_version=&#8221;4.16&#8243; _module_preset=&#8221;default&#8221; header_font=&#8221;|700|||||||&#8221; header_text_align=&#8221;left&#8221; header_text_color=&#8221;#ededed&#8221; header_font_size=&#8221;32px&#8221; header_letter_spacing=&#8221;-1px&#8221; body_font=&#8221;|300|||||||&#8221; body_text_align=&#8221;left&#8221; body_text_color=&#8221;#333333&#8243; body_line_height=&#8221;1.6em&#8221; header_font_size_tablet=&#8221;32px&#8221; header_font_size_phone=&#8221;28px&#8221; header_font_size_last_edited=&#8221;on|phone&#8221; custom_css_blurb_title=&#8221;margin-top: -15px;||margin-bottom: 15px;&#8221; global_colors_info=&#8221;{}&#8221;]<\/p>\n<p>T\u00fcm \u00fcr\u00fcn ve \u00e7\u00f6z\u00fcmlerimizi bu \u00f6ncelik bilinciyle geli\u015ftiriyor, <strong>azim<\/strong> ve <strong>beceriklilik<\/strong> ile \u00e7al\u0131\u015farak ekip enerjimizi, onlar\u0131n ihtiya\u00e7lar\u0131n\u0131 \u00e7\u00f6zmek i\u00e7in harc\u0131yoruz.<\/p>\n<p>[\/et_pb_blurb][\/et_pb_column][\/et_pb_row][\/et_pb_section][et_pb_section fb_built=&#8221;1&#8243; custom_padding_last_edited=&#8221;on|tablet&#8221; _builder_version=&#8221;4.21.0&#8243; _module_preset=&#8221;default&#8221; background_color=&#8221;#F5FAFC&#8221; custom_padding=&#8221;||90px|||&#8221; custom_padding_tablet=&#8221;|60px||60px|false|true&#8221; custom_padding_phone=&#8221;|45px|90px|45px|false|true&#8221; locked=&#8221;off&#8221; global_colors_info=&#8221;{}&#8221;][et_pb_row column_structure=&#8221;2_5,3_5&#8243; _builder_version=&#8221;4.16&#8243; _module_preset=&#8221;default&#8221; width=&#8221;100%&#8221; module_alignment=&#8221;center&#8221; custom_margin=&#8221;||0px||false|false&#8221; custom_padding=&#8221;||0px||false|false&#8221; global_colors_info=&#8221;{}&#8221;][et_pb_column type=&#8221;2_5&#8243; _builder_version=&#8221;4.16&#8243; _module_preset=&#8221;default&#8221; global_colors_info=&#8221;{}&#8221;][et_pb_text _builder_version=&#8221;4.21.0&#8243; _module_preset=&#8221;default&#8221; header_font=&#8221;||||||||&#8221; header_text_color=&#8221;#013462&#8243; header_font_size=&#8221;36px&#8221; header_2_font=&#8221;|300|||||||&#8221; header_2_text_color=&#8221;#013462&#8243; header_2_font_size=&#8221;36px&#8221; header_6_font=&#8221;|600||on|||||&#8221; header_6_text_color=&#8221;#CF4239&#8243; header_6_font_size=&#8221;10px&#8221; header_6_letter_spacing=&#8221;2px&#8221; header_6_line_height=&#8221;1.6em&#8221; custom_margin=&#8221;||0px||false|false&#8221; custom_padding=&#8221;0px||15px||false|false&#8221; header_font_size_tablet=&#8221;36px&#8221; header_font_size_phone=&#8221;32px&#8221; header_font_size_last_edited=&#8221;on|phone&#8221; locked=&#8221;off&#8221; global_colors_info=&#8221;{}&#8221;]<\/p>\n<h6>RST TEKNOLOJ\u0130<\/h6>\n<h1>Hedef ve \u0130lkeler<\/h1>\n<p>[\/et_pb_text][\/et_pb_column][et_pb_column type=&#8221;3_5&#8243; _builder_version=&#8221;4.16&#8243; _module_preset=&#8221;default&#8221; global_colors_info=&#8221;{}&#8221;][et_pb_text _builder_version=&#8221;4.21.0&#8243; _module_preset=&#8221;default&#8221; text_font=&#8221;|300|||||||&#8221; text_text_color=&#8221;#333333&#8243; text_line_height=&#8221;1.8em&#8221; header_3_font=&#8221;|700|||||||&#8221; header_3_text_color=&#8221;#000000&#8243; header_3_font_size=&#8221;34px&#8221; header_3_line_height=&#8221;1.6em&#8221; header_5_text_color=&#8221;#212529&#8243; header_5_font_size=&#8221;21px&#8221; header_5_line_height=&#8221;1.6em&#8221; header_6_font=&#8221;||||||||&#8221; header_6_text_color=&#8221;rgba(0,0,0,0.4)&#8221; header_6_font_size=&#8221;20px&#8221; header_6_line_height=&#8221;1.6em&#8221; custom_margin=&#8221;0px||0px||false|false&#8221; custom_padding=&#8221;0px||0px||false|false&#8221; locked=&#8221;off&#8221; global_colors_info=&#8221;{}&#8221;]RST, sivil ve askeri alanlarda, \u00fclke i\u00e7inde hen\u00fcz yeterli teknolojik olgunluk seviyesine ula\u015f\u0131lamam\u0131\u015f elektrik ve elektronik alanlar ba\u015fta olmak \u00fczere, teknoloji ve kabiliyetler geli\u015ftirmeyi, ileri teknolojiye sahip, kullan\u0131c\u0131 ihtiya\u00e7lar\u0131na y\u00f6nelik \u00f6zg\u00fcn \u00fcr\u00fcnleri rekabet\u00e7i olarak \u00fcretmeyi ve yurt i\u00e7i ve yurt d\u0131\u015f\u0131nda satabilmeyi ve bahse konu alanlarda dan\u0131\u015fmanl\u0131k ve destek hizmetleri sa\u011flayabilmeyi hedeflemektedir.<\/p>\n<p>Bu hedefin ger\u00e7ekle\u015ftirilmesine y\u00f6nelik olarak RST\u2019nin ana faaliyet alanlar\u0131 \u015fu \u015fekilde belirlenmi\u015ftir: [\/et_pb_text][dsm_icon_list icon_color=&#8221;#013462&#8243; icon_background_color=&#8221;#F5FAFC&#8221; icon_padding=&#8221;6px&#8221; icon_font_size=&#8221;12px&#8221; text_indent=&#8221;30px&#8221; _builder_version=&#8221;4.21.0&#8243; _module_preset=&#8221;default&#8221; text_font=&#8221;|300|||||||&#8221; text_text_color=&#8221;#333333&#8243; text_line_height=&#8221;1.6em&#8221; custom_margin=&#8221;30px|||0px|false|false&#8221; border_radii_icon=&#8221;on|100px|100px|100px|100px&#8221; locked=&#8221;off&#8221; global_colors_info=&#8221;{}&#8221;][dsm_icon_list_child text=&#8221;Radyo-Frekans (RF) ve Elektro-Optik (EO) Tabanl\u0131 Sens\u00f6r Teknolojileri &#8221; font_icon=&#8221;&#x35;||divi||400&#8243; _builder_version=&#8221;4.21.0&#8243; _module_preset=&#8221;default&#8221; custom_margin=&#8221;0px||0px||true|false&#8221; custom_padding=&#8221;0px||15px||false|false&#8221; global_colors_info=&#8221;{}&#8221;][\/dsm_icon_list_child][dsm_icon_list_child text=&#8221;Radar Sistemleri&#8221; font_icon=&#8221;&#x35;||divi||400&#8243; _builder_version=&#8221;4.21.0&#8243; _module_preset=&#8221;default&#8221; custom_margin=&#8221;0px||0px||true|false&#8221; custom_padding=&#8221;0px||15px||false|false&#8221; global_colors_info=&#8221;{}&#8221;][\/dsm_icon_list_child][dsm_icon_list_child text=&#8221;Uydu Sistemleri &#8221; font_icon=&#8221;&#x35;||divi||400&#8243; _builder_version=&#8221;4.21.0&#8243; _module_preset=&#8221;default&#8221; custom_margin=&#8221;0px||0px||true|false&#8221; custom_padding=&#8221;0px||15px||false|false&#8221; global_colors_info=&#8221;{}&#8221;][\/dsm_icon_list_child][dsm_icon_list_child text=&#8221;Elektronik Harp Sim\u00fclat\u00f6rleri &#8221; font_icon=&#8221;&#x35;||divi||400&#8243; _builder_version=&#8221;4.21.0&#8243; _module_preset=&#8221;default&#8221; custom_margin=&#8221;0px||0px||true|false&#8221; custom_padding=&#8221;0px||15px||false|false&#8221; global_colors_info=&#8221;{}&#8221;][\/dsm_icon_list_child][dsm_icon_list_child text=&#8221;Elektrik ve Elektronik Alanlar\u0131nda Dan\u0131\u015fmanl\u0131k ve Destek Hizmetleri &#8221; font_icon=&#8221;&#x35;||divi||400&#8243; _builder_version=&#8221;4.21.0&#8243; _module_preset=&#8221;default&#8221; custom_margin=&#8221;0px||0px||true|false&#8221; custom_padding=&#8221;0px||15px||false|false&#8221; global_colors_info=&#8221;{}&#8221;][\/dsm_icon_list_child][\/dsm_icon_list][et_pb_text _builder_version=&#8221;4.21.0&#8243; _module_preset=&#8221;default&#8221; text_font=&#8221;|300|||||||&#8221; text_text_color=&#8221;#333333&#8243; text_line_height=&#8221;1.8em&#8221; header_3_font=&#8221;|700|||||||&#8221; header_3_text_color=&#8221;#000000&#8243; header_3_font_size=&#8221;34px&#8221; header_3_line_height=&#8221;1.6em&#8221; header_5_text_color=&#8221;#212529&#8243; header_5_font_size=&#8221;21px&#8221; header_5_line_height=&#8221;1.6em&#8221; header_6_font=&#8221;||||||||&#8221; header_6_text_color=&#8221;rgba(0,0,0,0.4)&#8221; header_6_font_size=&#8221;20px&#8221; header_6_line_height=&#8221;1.6em&#8221; custom_margin=&#8221;0px||0px||false|false&#8221; custom_padding=&#8221;0px||0px||false|false&#8221; hover_enabled=&#8221;0&#8243; locked=&#8221;off&#8221; global_colors_info=&#8221;{}&#8221; sticky_enabled=&#8221;0&#8243;]RST\u2019nin mevcut ve potansiyel m\u00fc\u015fterileri aras\u0131nda; Kara Kuvvetleri Komutanl\u0131\u011f\u0131, Deniz Kuvvetleri Komutanl\u0131\u011f\u0131, Hava Kuvvetleri Komutanl\u0131\u011f\u0131, Jandarma Genel Komutanl\u0131\u011f\u0131, Sahil G\u00fcvenlik Komutanl\u0131\u011f\u0131, Milli Savunma Bakanl\u0131\u011f\u0131, Savunma Sanayii M\u00fcste\u015farl\u0131\u011f\u0131, Emniyet Genel M\u00fcd\u00fcrl\u00fc\u011f\u00fc, Meteoroloji Genel M\u00fcd\u00fcrl\u00fc\u011f\u00fc ve ba\u015fta savunma ve g\u00fcvenlik sekt\u00f6rleri olmak \u00fczere \u00e7e\u015fitli alanlarda faaliyet g\u00f6steren baz\u0131 yerli ve yabanc\u0131 firmalar yer almaktad\u0131r.<br \/>\n[\/et_pb_text][\/et_pb_column][\/et_pb_row][\/et_pb_section]<\/p>\n","protected":false},"excerpt":{"rendered":"<p>RST TEKNOLOJ\u0130 De\u011fer ve Etik \u0130lkeler<div class=\"et_pb_module dsm_breadcrumbs dsm_breadcrumbs_0\">\n\t\t\t\t\n\t\t\t\t\n\t\t\t\t\n\t\t\t\t\n\t\t\t\t\n\t\t\t\t\n\t\t\t\t<div class=\"et_pb_module_inner\">\n\t\t\t\t\t<nav class=\"dsm_breadcrumbs_wrap\" role=\"navigation\" itemscope=\"\" itemtype=\"http:\/\/schema.org\/SiteNavigationElement\">\n\t\t\t\t<ul class=\"dsm_breadcrumbs\">\n\t\t\t<li class='dsm_breadcrumbs_item dsm_home_item dsm_home_item_custom'>\n\t\t\t\t<a href=\"https:\/\/rstteknoloji.com.tr\/tr\/\" itemprop=\"url\">\n\t\t\t\t\t<span class='dsm_home_text_wrapper'>\n\t\t\t\t\t\t\t\t\t\t\t\t\t<span class=\"dsm_home_text\" itemprop=\"name\">\n\t\t\t\t\t\t\t\tAna Sayfa\t\t\t\t\t\t\t<\/span>\n\t\t\t\t\t<\/span>\n\t\t\t\t<\/a>\n\t\t\t<\/li>\n\n\t\t<li class=\"dsm_breadcrumbs_separator\"> <span class=\"et-pb-icon dsm_separator_icon\">5<\/span><\/li><\/ul>\n\t\t\t<\/nav>\n\t\t\t\t<\/div>\n\t\t\t<\/div>G\u00fcvenle kurulan i\u015fbirliklerine inan\u0131yoruz ve daha fazla yenilik, yarat\u0131c\u0131 d\u00fc\u015f\u00fcnce ve \u00fcretkenlik yaratmaya odaklan\u0131yoruz.Teknoloji ve Yenilik, t\u00fcm RST \u00fcr\u00fcnlerinin ve [&hellip;]<\/p>\n","protected":false},"author":1,"featured_media":0,"parent":44629,"menu_order":0,"comment_status":"closed","ping_status":"closed","template":"","meta":{"_et_pb_use_builder":"on","_et_pb_old_content":"","_et_gb_content_width":"","footnotes":""},"class_list":["post-44639","page","type-page","status-publish","hentry"],"_links":{"self":[{"href":"https:\/\/rstteknoloji.com.tr\/tr\/wp-json\/wp\/v2\/pages\/44639","targetHints":{"allow":["GET"]}}],"collection":[{"href":"https:\/\/rstteknoloji.com.tr\/tr\/wp-json\/wp\/v2\/pages"}],"about":[{"href":"https:\/\/rstteknoloji.com.tr\/tr\/wp-json\/wp\/v2\/types\/page"}],"author":[{"embeddable":true,"href":"https:\/\/rstteknoloji.com.tr\/tr\/wp-json\/wp\/v2\/users\/1"}],"replies":[{"embeddable":true,"href":"https:\/\/rstteknoloji.com.tr\/tr\/wp-json\/wp\/v2\/comments?post=44639"}],"version-history":[{"count":0,"href":"https:\/\/rstteknoloji.com.tr\/tr\/wp-json\/wp\/v2\/pages\/44639\/revisions"}],"up":[{"embeddable":true,"href":"https:\/\/rstteknoloji.com.tr\/tr\/wp-json\/wp\/v2\/pages\/44629"}],"wp:attachment":[{"href":"https:\/\/rstteknoloji.com.tr\/tr\/wp-json\/wp\/v2\/media?parent=44639"}],"curies":[{"name":"wp","href":"https:\/\/api.w.org\/{rel}","templated":true}]}}