{"id":44652,"date":"2021-12-23T18:07:10","date_gmt":"2021-12-23T15:07:10","guid":{"rendered":"https:\/\/rstteknoloji.com.tr\/personal-data-protection\/"},"modified":"2022-03-07T17:21:40","modified_gmt":"2022-03-07T14:21:40","slug":"kisisel-verilerin-korunmasi","status":"publish","type":"page","link":"https:\/\/rstteknoloji.com.tr\/tr\/kisisel-verilerin-korunmasi\/","title":{"rendered":"Ki\u015fisel Verilerin Korunmas\u0131"},"content":{"rendered":"<p>[et_pb_section fb_built=&#8221;1&#8243; custom_padding_last_edited=&#8221;on|phone&#8221; _builder_version=&#8221;4.14.7&#8243; _module_preset=&#8221;default&#8221; background_color=&#8221;#FFFFFF&#8221; use_background_color_gradient=&#8221;on&#8221; background_color_gradient_start=&#8221;#ffffff&#8221; background_color_gradient_end=&#8221;#f5fafc&#8221; background_color_gradient_end_position=&#8221;70%&#8221; custom_margin=&#8221;0px||0px||true|false&#8221; custom_padding=&#8221;90px||90px||true|false&#8221; custom_padding_tablet=&#8221;|60px||60px|true|true&#8221; custom_padding_phone=&#8221;|45px||45px|true|true&#8221; locked=&#8221;off&#8221; global_colors_info=&#8221;{}&#8221;][et_pb_row _builder_version=&#8221;4.14.7&#8243; _module_preset=&#8221;default&#8221; width=&#8221;100%&#8221; custom_margin=&#8221;0px||0px||true|false&#8221; custom_padding=&#8221;0px||0px||false|false&#8221; locked=&#8221;off&#8221; global_colors_info=&#8221;{}&#8221;][et_pb_column type=&#8221;4_4&#8243; _builder_version=&#8221;4.14.5&#8243; _module_preset=&#8221;default&#8221; global_colors_info=&#8221;{}&#8221;][et_pb_text _builder_version=&#8221;4.14.8&#8243; _module_preset=&#8221;default&#8221; header_font=&#8221;||||||||&#8221; header_text_color=&#8221;#013462&#8243; header_font_size=&#8221;36px&#8221; header_2_font=&#8221;|300|||||||&#8221; header_2_text_color=&#8221;#013462&#8243; header_2_font_size=&#8221;36px&#8221; header_6_font=&#8221;|600||on|||||&#8221; header_6_text_color=&#8221;#CF4239&#8243; header_6_font_size=&#8221;10px&#8221; header_6_letter_spacing=&#8221;2px&#8221; header_6_line_height=&#8221;1.6em&#8221; custom_margin=&#8221;0px||0px||false|false&#8221; custom_padding=&#8221;0px||15px||false|false&#8221; hover_enabled=&#8221;0&#8243; header_font_size_tablet=&#8221;36px&#8221; header_font_size_phone=&#8221;32px&#8221; header_font_size_last_edited=&#8221;on|phone&#8221; locked=&#8221;off&#8221; global_colors_info=&#8221;{}&#8221; sticky_enabled=&#8221;0&#8243;]<\/p>\n<h6>RST TEKNOLOJ\u0130<\/h6>\n<h1>Ki\u015fisel Verilerin Korunmas\u0131<\/h1>\n<p>[\/et_pb_text][\/et_pb_column][\/et_pb_row][et_pb_row column_structure=&#8221;1_4,1_4,1_4,1_4&#8243; use_custom_gutter=&#8221;on&#8221; make_equal=&#8221;on&#8221; _builder_version=&#8221;4.14.8&#8243; _module_preset=&#8221;default&#8221; width=&#8221;100%&#8221; custom_margin=&#8221;0px||0px||true|false&#8221; custom_padding=&#8221;30px||0px||false|false&#8221; locked=&#8221;off&#8221; global_colors_info=&#8221;{}&#8221;][et_pb_column type=&#8221;1_4&#8243; _builder_version=&#8221;4.14.8&#8243; _module_preset=&#8221;default&#8221; background_color=&#8221;#FFFFFF&#8221; custom_padding=&#8221;45px|30px|45px|30px|true|true&#8221; border_radii=&#8221;on|12px|12px|12px|12px&#8221; box_shadow_style=&#8221;preset1&#8243; box_shadow_horizontal=&#8221;2px&#8221; box_shadow_vertical=&#8221;8px&#8221; box_shadow_blur=&#8221;30px&#8221; box_shadow_color=&#8221;rgba(0,0,0,0.05)&#8221; global_colors_info=&#8221;{}&#8221;][et_pb_blurb title=&#8221;Genel Ayd\u0131nlatma Metni&#8221; use_icon=&#8221;on&#8221; font_icon=&#8221;&#xf1c1;||fa||900&#8243; icon_color=&#8221;#F34034&#8243; image_icon_width=&#8221;32px&#8221; icon_alignment=&#8221;left&#8221; _builder_version=&#8221;4.14.8&#8243; _module_preset=&#8221;default&#8221; header_text_color=&#8221;#013462&#8243; header_font_size=&#8221;22px&#8221; header_line_height=&#8221;1.3em&#8221; link_option_url=&#8221;https:\/\/rstteknoloji.com.tr\/wp-content\/uploads\/2022\/03\/genel-aydinlatma-metni-rst.pdf&#8221; link_option_url_new_window=&#8221;on&#8221; global_colors_info=&#8221;{}&#8221;][\/et_pb_blurb][\/et_pb_column][et_pb_column type=&#8221;1_4&#8243; _builder_version=&#8221;4.14.8&#8243; _module_preset=&#8221;default&#8221; background_color=&#8221;#FFFFFF&#8221; custom_padding=&#8221;45px|30px|45px|30px|true|true&#8221; border_radii=&#8221;on|12px|12px|12px|12px&#8221; box_shadow_style=&#8221;preset1&#8243; box_shadow_horizontal=&#8221;2px&#8221; box_shadow_vertical=&#8221;8px&#8221; box_shadow_blur=&#8221;30px&#8221; box_shadow_color=&#8221;rgba(0,0,0,0.05)&#8221; global_colors_info=&#8221;{}&#8221;][et_pb_blurb title=&#8221;KVKK Ba\u015fvuru Formu&#8221; use_icon=&#8221;on&#8221; font_icon=&#8221;&#xf1c1;||fa||900&#8243; icon_color=&#8221;#F34034&#8243; image_icon_width=&#8221;32px&#8221; icon_alignment=&#8221;left&#8221; _builder_version=&#8221;4.14.8&#8243; _module_preset=&#8221;default&#8221; header_text_color=&#8221;#013462&#8243; header_font_size=&#8221;22px&#8221; header_line_height=&#8221;1.3em&#8221; link_option_url=&#8221;https:\/\/rstteknoloji.com.tr\/wp-content\/uploads\/2022\/03\/kvkk-basvuru-formu-rst.pdf&#8221; link_option_url_new_window=&#8221;on&#8221; global_colors_info=&#8221;{}&#8221;][\/et_pb_blurb][\/et_pb_column][et_pb_column type=&#8221;1_4&#8243; _builder_version=&#8221;4.14.8&#8243; _module_preset=&#8221;default&#8221; background_color=&#8221;#FFFFFF&#8221; custom_padding=&#8221;45px|30px|45px|30px|true|true&#8221; border_radii=&#8221;on|12px|12px|12px|12px&#8221; box_shadow_style=&#8221;preset1&#8243; box_shadow_horizontal=&#8221;2px&#8221; box_shadow_vertical=&#8221;8px&#8221; box_shadow_blur=&#8221;30px&#8221; box_shadow_color=&#8221;rgba(0,0,0,0.05)&#8221; global_colors_info=&#8221;{}&#8221;][et_pb_blurb title=&#8221;KVKK Politikas\u0131&#8221; use_icon=&#8221;on&#8221; font_icon=&#8221;&#xf1c1;||fa||900&#8243; icon_color=&#8221;#F34034&#8243; image_icon_width=&#8221;32px&#8221; icon_alignment=&#8221;left&#8221; _builder_version=&#8221;4.14.8&#8243; _module_preset=&#8221;default&#8221; header_text_color=&#8221;#013462&#8243; header_font_size=&#8221;22px&#8221; header_line_height=&#8221;1.3em&#8221; link_option_url=&#8221;https:\/\/rstteknoloji.com.tr\/wp-content\/uploads\/2022\/03\/kvkk-politikasi-rst.pdf&#8221; link_option_url_new_window=&#8221;on&#8221; global_colors_info=&#8221;{}&#8221;][\/et_pb_blurb][\/et_pb_column][et_pb_column type=&#8221;1_4&#8243; _builder_version=&#8221;4.14.8&#8243; _module_preset=&#8221;default&#8221; background_color=&#8221;#FFFFFF&#8221; custom_padding=&#8221;45px|30px|45px|30px|true|true&#8221; border_radii=&#8221;on|12px|12px|12px|12px&#8221; box_shadow_style=&#8221;preset1&#8243; box_shadow_horizontal=&#8221;2px&#8221; box_shadow_vertical=&#8221;8px&#8221; box_shadow_blur=&#8221;30px&#8221; box_shadow_color=&#8221;rgba(0,0,0,0.05)&#8221; global_colors_info=&#8221;{}&#8221;][et_pb_blurb title=&#8221;Gizlilik ve \u00c7erez Politikas\u0131&#8221; use_icon=&#8221;on&#8221; font_icon=&#8221;&#xf1c1;||fa||900&#8243; icon_color=&#8221;#F34034&#8243; image_icon_width=&#8221;32px&#8221; icon_alignment=&#8221;left&#8221; _builder_version=&#8221;4.14.8&#8243; _module_preset=&#8221;default&#8221; header_text_color=&#8221;#013462&#8243; header_font_size=&#8221;22px&#8221; header_line_height=&#8221;1.3em&#8221; link_option_url=&#8221;https:\/\/rstteknoloji.com.tr\/wp-content\/uploads\/2022\/03\/gizlilik-cerez-politikasi-rst.pdf&#8221; link_option_url_new_window=&#8221;on&#8221; global_colors_info=&#8221;{}&#8221;][\/et_pb_blurb][\/et_pb_column][\/et_pb_row][et_pb_row column_structure=&#8221;1_4,1_4,1_4,1_4&#8243; use_custom_gutter=&#8221;on&#8221; make_equal=&#8221;on&#8221; _builder_version=&#8221;4.14.8&#8243; _module_preset=&#8221;default&#8221; width=&#8221;100%&#8221; custom_margin=&#8221;0px||0px||true|false&#8221; custom_padding=&#8221;30px||0px||false|false&#8221; locked=&#8221;off&#8221; global_colors_info=&#8221;{}&#8221;][et_pb_column type=&#8221;1_4&#8243; _builder_version=&#8221;4.14.8&#8243; _module_preset=&#8221;default&#8221; background_color=&#8221;#FFFFFF&#8221; custom_padding=&#8221;45px|30px|45px|30px|true|true&#8221; border_radii=&#8221;on|12px|12px|12px|12px&#8221; box_shadow_style=&#8221;preset1&#8243; box_shadow_horizontal=&#8221;2px&#8221; box_shadow_vertical=&#8221;8px&#8221; box_shadow_blur=&#8221;30px&#8221; box_shadow_color=&#8221;rgba(0,0,0,0.05)&#8221; global_colors_info=&#8221;{}&#8221;][et_pb_blurb title=&#8221;Veri Saklama ve \u0130mha Politikas\u0131&#8221; use_icon=&#8221;on&#8221; font_icon=&#8221;&#xf1c1;||fa||900&#8243; icon_color=&#8221;#F34034&#8243; image_icon_width=&#8221;32px&#8221; icon_alignment=&#8221;left&#8221; _builder_version=&#8221;4.14.8&#8243; _module_preset=&#8221;default&#8221; header_text_color=&#8221;#013462&#8243; header_font_size=&#8221;22px&#8221; header_line_height=&#8221;1.3em&#8221; link_option_url=&#8221;https:\/\/rstteknoloji.com.tr\/wp-content\/uploads\/2022\/03\/veri-saklama-imha-politikasi-rst.pdf&#8221; link_option_url_new_window=&#8221;on&#8221; global_colors_info=&#8221;{}&#8221;][\/et_pb_blurb][\/et_pb_column][et_pb_column type=&#8221;1_4&#8243; _builder_version=&#8221;4.14.8&#8243; _module_preset=&#8221;default&#8221; background_enable_color=&#8221;off&#8221; custom_padding=&#8221;45px|30px|45px|30px|true|true&#8221; border_radii=&#8221;on|12px|12px|12px|12px&#8221; global_colors_info=&#8221;{}&#8221;][\/et_pb_column][et_pb_column type=&#8221;1_4&#8243; _builder_version=&#8221;4.14.8&#8243; _module_preset=&#8221;default&#8221; background_enable_color=&#8221;off&#8221; custom_padding=&#8221;45px|30px|45px|30px|true|true&#8221; border_radii=&#8221;on|12px|12px|12px|12px&#8221; global_colors_info=&#8221;{}&#8221;][\/et_pb_column][et_pb_column type=&#8221;1_4&#8243; _builder_version=&#8221;4.14.8&#8243; _module_preset=&#8221;default&#8221; background_enable_color=&#8221;off&#8221; custom_padding=&#8221;45px|30px|45px|30px|true|true&#8221; border_radii=&#8221;on|12px|12px|12px|12px&#8221; global_colors_info=&#8221;{}&#8221;][\/et_pb_column][\/et_pb_row][\/et_pb_section]<\/p>\n","protected":false},"excerpt":{"rendered":"<p>RST TEKNOLOJ\u0130 Ki\u015fisel Verilerin Korunmas\u0131<\/p>\n","protected":false},"author":1,"featured_media":0,"parent":0,"menu_order":0,"comment_status":"closed","ping_status":"closed","template":"","meta":{"_et_pb_use_builder":"on","_et_pb_old_content":"","_et_gb_content_width":"","footnotes":""},"class_list":["post-44652","page","type-page","status-publish","hentry"],"_links":{"self":[{"href":"https:\/\/rstteknoloji.com.tr\/tr\/wp-json\/wp\/v2\/pages\/44652","targetHints":{"allow":["GET"]}}],"collection":[{"href":"https:\/\/rstteknoloji.com.tr\/tr\/wp-json\/wp\/v2\/pages"}],"about":[{"href":"https:\/\/rstteknoloji.com.tr\/tr\/wp-json\/wp\/v2\/types\/page"}],"author":[{"embeddable":true,"href":"https:\/\/rstteknoloji.com.tr\/tr\/wp-json\/wp\/v2\/users\/1"}],"replies":[{"embeddable":true,"href":"https:\/\/rstteknoloji.com.tr\/tr\/wp-json\/wp\/v2\/comments?post=44652"}],"version-history":[{"count":0,"href":"https:\/\/rstteknoloji.com.tr\/tr\/wp-json\/wp\/v2\/pages\/44652\/revisions"}],"wp:attachment":[{"href":"https:\/\/rstteknoloji.com.tr\/tr\/wp-json\/wp\/v2\/media?parent=44652"}],"curies":[{"name":"wp","href":"https:\/\/api.w.org\/{rel}","templated":true}]}}