{"id":44657,"date":"2021-12-23T17:26:53","date_gmt":"2021-12-23T14:26:53","guid":{"rendered":"https:\/\/rstteknoloji.com.tr\/kurumsal\/vision-mission\/"},"modified":"2023-05-08T15:37:53","modified_gmt":"2023-05-08T12:37:53","slug":"vizyon-misyon","status":"publish","type":"page","link":"https:\/\/rstteknoloji.com.tr\/tr\/kurumsal\/vizyon-misyon\/","title":{"rendered":"Vizyon &#038; Misyon"},"content":{"rendered":"<p>[et_pb_section fb_built=&#8221;1&#8243; custom_padding_last_edited=&#8221;on|phone&#8221; _builder_version=&#8221;4.16&#8243; _module_preset=&#8221;default&#8221; background_color=&#8221;#013462&#8243; background_image=&#8221;https:\/\/rstteknoloji.com.tr\/wp-content\/uploads\/2022\/02\/rst01.jpg&#8221; background_blend=&#8221;multiply&#8221; custom_padding=&#8221;|0px|0px|0px|false|true&#8221; custom_padding_tablet=&#8221;|60px||60px|false|true&#8221; custom_padding_phone=&#8221;|45px||45px|false|true&#8221; locked=&#8221;off&#8221; global_colors_info=&#8221;{}&#8221;][et_pb_row column_structure=&#8221;3_5,2_5&#8243; _builder_version=&#8221;4.16&#8243; _module_preset=&#8221;default&#8221; width=&#8221;100%&#8221; custom_margin=&#8221;120px|auto||auto|false|false&#8221; custom_margin_tablet=&#8221;60px|auto||auto|false|false&#8221; custom_margin_phone=&#8221;60px||||false|false&#8221; custom_margin_last_edited=&#8221;on|phone&#8221; global_colors_info=&#8221;{}&#8221;][et_pb_column type=&#8221;3_5&#8243; _builder_version=&#8221;4.16&#8243; _module_preset=&#8221;default&#8221; global_colors_info=&#8221;{}&#8221;][et_pb_text _builder_version=&#8221;4.16&#8243; _module_preset=&#8221;default&#8221; header_font=&#8221;||||||||&#8221; header_text_color=&#8221;#FFFFFF&#8221; header_font_size=&#8221;36px&#8221; header_2_font=&#8221;|300|||||||&#8221; header_2_text_color=&#8221;#013462&#8243; header_2_font_size=&#8221;36px&#8221; header_6_font=&#8221;|600||on|||||&#8221; header_6_text_color=&#8221;#CF4239&#8243; header_6_font_size=&#8221;10px&#8221; header_6_letter_spacing=&#8221;2px&#8221; header_6_line_height=&#8221;1.6em&#8221; custom_padding=&#8221;0px||15px||false|false&#8221; custom_padding_tablet=&#8221;0px||15px||false|false&#8221; custom_padding_phone=&#8221;0px||0px||false|false&#8221; custom_padding_last_edited=&#8221;on|phone&#8221; header_font_size_tablet=&#8221;36px&#8221; header_font_size_phone=&#8221;32px&#8221; header_font_size_last_edited=&#8221;on|phone&#8221; header_2_font_size_phone=&#8221;24px&#8221; header_2_font_size_last_edited=&#8221;off|phone&#8221; locked=&#8221;off&#8221; global_colors_info=&#8221;{}&#8221;]<\/p>\n<h6>RST TEKNOLOJ\u0130<\/h6>\n<h1>Vizyon &#038; Misyon<\/h1>\n<p>[\/et_pb_text][\/et_pb_column][et_pb_column type=&#8221;2_5&#8243; _builder_version=&#8221;4.16&#8243; _module_preset=&#8221;default&#8221; global_colors_info=&#8221;{}&#8221;][dsm_breadcrumbs home_text=&#8221;Ana Sayfa&#8221; show_home_icon=&#8221;off&#8221; align=&#8221;right&#8221; separator_bottom=&#8221;14px&#8221; align_tablet=&#8221;left&#8221; align_phone=&#8221;left&#8221; align_last_edited=&#8221;on|phone&#8221; _builder_version=&#8221;4.16&#8243; _module_preset=&#8221;default&#8221; items_font=&#8221;|||on|||||&#8221; items_text_color=&#8221;#FFFFFF&#8221; items_font_size=&#8221;10px&#8221; items_letter_spacing=&#8221;2px&#8221; separators_text_color=&#8221;#F5FAFC&#8221; current_font=&#8221;|||on|||||&#8221; current_text_color=&#8221;#F34034&#8243; current_font_size=&#8221;10px&#8221; current_letter_spacing=&#8221;2px&#8221; module_alignment=&#8221;right&#8221; custom_margin=&#8221;35px||||false|false&#8221; custom_margin_tablet=&#8221;0px||||false|false&#8221; custom_margin_phone=&#8221;0px||0px||true|false&#8221; custom_margin_last_edited=&#8221;on|desktop&#8221; custom_padding_tablet=&#8221;&#8221; custom_padding_phone=&#8221;0px||0px||true|false&#8221; custom_padding_last_edited=&#8221;on|phone&#8221; custom_css_main_element=&#8221;display: block;&#8221; global_colors_info=&#8221;{}&#8221;][\/dsm_breadcrumbs][\/et_pb_column][\/et_pb_row][\/et_pb_section][et_pb_section fb_built=&#8221;1&#8243; custom_padding_last_edited=&#8221;on|phone&#8221; _builder_version=&#8221;4.16&#8243; _module_preset=&#8221;default&#8221; background_color=&#8221;#FFFFFF&#8221; background_color_gradient_start=&#8221;#ffffff&#8221; background_color_gradient_end=&#8221;#f5fafc&#8221; custom_margin=&#8221;0px||0px||true|false&#8221; custom_padding=&#8221;90px||90px||false|false&#8221; custom_padding_tablet=&#8221;90px|60px|90px|60px|false|true&#8221; custom_padding_phone=&#8221;|45px||45px|false|true&#8221; locked=&#8221;off&#8221; global_colors_info=&#8221;{}&#8221;][et_pb_row column_structure=&#8221;2_5,3_5&#8243; _builder_version=&#8221;4.16&#8243; _module_preset=&#8221;default&#8221; width=&#8221;100%&#8221; custom_margin=&#8221;0px||0px||true|false&#8221; custom_padding=&#8221;0px||0px||false|false&#8221; locked=&#8221;off&#8221; global_colors_info=&#8221;{}&#8221;][et_pb_column type=&#8221;2_5&#8243; _builder_version=&#8221;4.16&#8243; _module_preset=&#8221;default&#8221; global_colors_info=&#8221;{}&#8221;][et_pb_text _builder_version=&#8221;4.16&#8243; _module_preset=&#8221;default&#8221; text_font=&#8221;|300|||||||&#8221; text_text_color=&#8221;#333333&#8243; text_line_height=&#8221;1.8em&#8221; header_3_font=&#8221;||||||||&#8221; header_3_text_color=&#8221;#013462&#8243; header_3_font_size=&#8221;26px&#8221; header_3_line_height=&#8221;1.4em&#8221; header_5_text_color=&#8221;#212529&#8243; header_5_font_size=&#8221;21px&#8221; header_5_line_height=&#8221;1.6em&#8221; header_6_font=&#8221;||||||||&#8221; header_6_text_color=&#8221;rgba(0,0,0,0.4)&#8221; header_6_font_size=&#8221;20px&#8221; header_6_line_height=&#8221;1.6em&#8221; custom_margin=&#8221;0px||0px||false|false&#8221; custom_padding=&#8221;0px||0px||false|false&#8221; header_3_font_size_tablet=&#8221;22px&#8221; header_3_font_size_phone=&#8221;22px&#8221; header_3_font_size_last_edited=&#8221;on|phone&#8221; locked=&#8221;off&#8221; global_colors_info=&#8221;{}&#8221;]<\/p>\n<h3>De\u011fi\u015fimin ve geli\u015fimin \u00f6nc\u00fcs\u00fc olma yolunda ad\u0131mlar atan, yarat\u0131c\u0131l\u0131\u011f\u0131 ve yeni fikirleri destekleyen, \u00fcretti\u011fimiz bilgi, hizmet ve teknoloji ile \u00fclkesine ve \u00e7al\u0131\u015fanlar\u0131na gurur veren bir marka olmay\u0131 hedefliyoruz.<\/h3>\n<p>[\/et_pb_text][\/et_pb_column][et_pb_column type=&#8221;3_5&#8243; _builder_version=&#8221;4.16&#8243; _module_preset=&#8221;default&#8221; global_colors_info=&#8221;{}&#8221;][et_pb_text _builder_version=&#8221;4.16&#8243; _module_preset=&#8221;default&#8221; header_font=&#8221;||||||||&#8221; header_text_color=&#8221;#013462&#8243; header_font_size=&#8221;36px&#8221; header_2_font=&#8221;|300|||||||&#8221; header_2_text_color=&#8221;#013462&#8243; header_2_font_size=&#8221;36px&#8221; header_6_font=&#8221;|600||on|||||&#8221; header_6_text_color=&#8221;#CF4239&#8243; header_6_font_size=&#8221;10px&#8221; header_6_letter_spacing=&#8221;2px&#8221; header_6_line_height=&#8221;1.6em&#8221; custom_margin=&#8221;0px||0px||false|false&#8221; custom_padding=&#8221;0px||15px||false|false&#8221; header_font_size_tablet=&#8221;36px&#8221; header_font_size_phone=&#8221;32px&#8221; header_font_size_last_edited=&#8221;on|phone&#8221; locked=&#8221;off&#8221; global_colors_info=&#8221;{}&#8221;]<\/p>\n<h6>RST TEKNOLOJ\u0130<\/h6>\n<h1>Vizyon<\/h1>\n<p>[\/et_pb_text][et_pb_text _builder_version=&#8221;4.21.0&#8243; _module_preset=&#8221;default&#8221; text_font=&#8221;|300|||||||&#8221; text_text_color=&#8221;#333333&#8243; text_line_height=&#8221;1.8em&#8221; header_3_font=&#8221;|700|||||||&#8221; header_3_text_color=&#8221;#000000&#8243; header_3_font_size=&#8221;34px&#8221; header_3_line_height=&#8221;1.6em&#8221; header_5_text_color=&#8221;#212529&#8243; header_5_font_size=&#8221;21px&#8221; header_5_line_height=&#8221;1.6em&#8221; header_6_font=&#8221;||||||||&#8221; header_6_text_color=&#8221;rgba(0,0,0,0.4)&#8221; header_6_font_size=&#8221;20px&#8221; header_6_line_height=&#8221;1.6em&#8221; custom_margin=&#8221;0px||0px||false|false&#8221; custom_padding=&#8221;0px||60px||false|false&#8221; hover_enabled=&#8221;0&#8243; locked=&#8221;off&#8221; global_colors_info=&#8221;{}&#8221; sticky_enabled=&#8221;0&#8243;]RST\u2019nin vizyonu; sivil ve askeri alanlarda \u00fcr\u00fcn ve sonu\u00e7 odakl\u0131 yakla\u015f\u0131m\u0131yla, \u00f6zg\u00fcn ve ileri teknolojiye dayal\u0131 \u00fcr\u00fcn ve \u00e7\u00f6z\u00fcmleriyle, yurt i\u00e7i ve yurt d\u0131\u015f\u0131 m\u00fc\u015fterilerine kar\u015f\u0131 \u00fcstlendi\u011fi sorumluluklar\u0131 ve sa\u011flad\u0131\u011f\u0131 hizmetleri h\u0131zl\u0131 ve etkin bir \u015fekilde ger\u00e7ekle\u015ftirebilen, hem \u00e7\u00f6z\u00fcm ortaklar\u0131, hem de m\u00fc\u015fterileri taraf\u0131ndan g\u00fcvenilen ve aranan bir firma olmakt\u0131r. [\/et_pb_text][et_pb_text _builder_version=&#8221;4.16&#8243; _module_preset=&#8221;default&#8221; header_font=&#8221;||||||||&#8221; header_text_color=&#8221;#013462&#8243; header_font_size=&#8221;36px&#8221; header_2_font=&#8221;|300|||||||&#8221; header_2_text_color=&#8221;#013462&#8243; header_2_font_size=&#8221;36px&#8221; header_6_font=&#8221;|600||on|||||&#8221; header_6_text_color=&#8221;#CF4239&#8243; header_6_font_size=&#8221;10px&#8221; header_6_letter_spacing=&#8221;2px&#8221; header_6_line_height=&#8221;1.6em&#8221; custom_margin=&#8221;0px||0px||false|false&#8221; custom_padding=&#8221;0px||15px||false|false&#8221; header_font_size_tablet=&#8221;36px&#8221; header_font_size_phone=&#8221;32px&#8221; header_font_size_last_edited=&#8221;on|phone&#8221; locked=&#8221;off&#8221; global_colors_info=&#8221;{}&#8221;]<\/p>\n<h6>RST TEKNOLOJ\u0130<\/h6>\n<h1>Misyon<\/h1>\n<p>[\/et_pb_text][et_pb_text _builder_version=&#8221;4.21.0&#8243; _module_preset=&#8221;default&#8221; text_font=&#8221;|300|||||||&#8221; text_text_color=&#8221;#333333&#8243; text_line_height=&#8221;1.8em&#8221; header_3_font=&#8221;|700|||||||&#8221; header_3_text_color=&#8221;#000000&#8243; header_3_font_size=&#8221;34px&#8221; header_3_line_height=&#8221;1.6em&#8221; header_5_text_color=&#8221;#212529&#8243; header_5_font_size=&#8221;21px&#8221; header_5_line_height=&#8221;1.6em&#8221; header_6_font=&#8221;||||||||&#8221; header_6_text_color=&#8221;rgba(0,0,0,0.4)&#8221; header_6_font_size=&#8221;20px&#8221; header_6_line_height=&#8221;1.6em&#8221; custom_margin=&#8221;0px||0px||false|false&#8221; custom_padding=&#8221;0px||60px||false|false&#8221; locked=&#8221;off&#8221; global_colors_info=&#8221;{}&#8221; sticky_enabled=&#8221;0&#8243;]RST\u2019nin misyonu; Savunma, Uzay ve Havac\u0131l\u0131k sekt\u00f6rlerinde, ba\u015fta radyo-frekans ve elektro-optik sens\u00f6r teknolojileri ile ilgili \u00fcr\u00fcnler ve elektronik harp sim\u00fclat\u00f6rleri olmak \u00fczere, ulusal ve uluslararas\u0131 alanda sivil ve askeri elektronik uygulamalar i\u00e7eren ileri teknoloji \u00fcr\u00fcnler geli\u015ftirmek, \u00fcretmek ve bu \u00fcr\u00fcnlerle ilgili hizmetler sunmakt\u0131r. [\/et_pb_text][et_pb_text _builder_version=&#8221;4.21.0&#8243; _module_preset=&#8221;default&#8221; header_font=&#8221;||||||||&#8221; header_text_color=&#8221;#013462&#8243; header_font_size=&#8221;36px&#8221; header_2_font=&#8221;|300|||||||&#8221; header_2_text_color=&#8221;#013462&#8243; header_2_font_size=&#8221;36px&#8221; header_6_font=&#8221;|600||on|||||&#8221; header_6_text_color=&#8221;#CF4239&#8243; header_6_font_size=&#8221;10px&#8221; header_6_letter_spacing=&#8221;2px&#8221; header_6_line_height=&#8221;1.6em&#8221; custom_margin=&#8221;0px||0px||false|false&#8221; custom_padding=&#8221;0px||15px||false|false&#8221; hover_enabled=&#8221;0&#8243; header_font_size_tablet=&#8221;36px&#8221; header_font_size_phone=&#8221;32px&#8221; header_font_size_last_edited=&#8221;on|phone&#8221; locked=&#8221;off&#8221; global_colors_info=&#8221;{}&#8221; sticky_enabled=&#8221;0&#8243;]<\/p>\n<h6>RST TEKNOLOJ\u0130<\/h6>\n<h1>Kapsam<\/h1>\n<p>[\/et_pb_text][et_pb_text _builder_version=&#8221;4.21.0&#8243; _module_preset=&#8221;default&#8221; text_font=&#8221;|300|||||||&#8221; text_text_color=&#8221;#333333&#8243; text_line_height=&#8221;1.8em&#8221; header_3_font=&#8221;|700|||||||&#8221; header_3_text_color=&#8221;#000000&#8243; header_3_font_size=&#8221;34px&#8221; header_3_line_height=&#8221;1.6em&#8221; header_5_text_color=&#8221;#212529&#8243; header_5_font_size=&#8221;21px&#8221; header_5_line_height=&#8221;1.6em&#8221; header_6_font=&#8221;||||||||&#8221; header_6_text_color=&#8221;rgba(0,0,0,0.4)&#8221; header_6_font_size=&#8221;20px&#8221; header_6_line_height=&#8221;1.6em&#8221; custom_margin=&#8221;0px||0px||false|false&#8221; custom_padding=&#8221;0px||0px||false|false&#8221; locked=&#8221;off&#8221; global_colors_info=&#8221;{}&#8221; sticky_enabled=&#8221;0&#8243; hover_enabled=&#8221;0&#8243;]RST Kalite Y\u00f6netim sisteminin kapsam\u0131 RST taraf\u0131ndan yaz\u0131l\u0131m, elektronik ve mekanik donan\u0131m tasar\u0131m\u0131, geli\u015ftirilmesi, \u00fcretimi, sistem entegrasyonu, kurulumu, bak\u0131m, i\u015fletme ve idamesi ve dan\u0131\u015fmanl\u0131k hizmetlerinin y\u00fcr\u00fct\u00fclmesi ile ilgili t\u00fcm hususlar\u0131 i\u00e7ermektedir. <\/p>\n<p>RST uzay, savunma ve havac\u0131l\u0131k sistemlerine\/sekt\u00f6rlerine y\u00f6nelik radyo frekans (RF) ve elektro optik (EO) tabanl\u0131 sekt\u00f6r teknolojileri radar sistemleri, uydu sistemleri, elektronik harp sistem ve sim\u00fclat\u00f6rleri tasar\u0131m\u0131, geli\u015ftirilmesi, \u00fcretimi, sistem entegrasyonu, bak\u0131m\u0131, i\u015fletmesi, idamesi ve dan\u0131\u015fmanl\u0131k hizmetleri ile bu kapsam dahilinde ISO 9001:2015 standard\u0131n\u0131n tamam\u0131n\u0131 uygulamaktad\u0131r. [\/et_pb_text][\/et_pb_column][\/et_pb_row][\/et_pb_section][et_pb_section fb_built=&#8221;1&#8243; custom_padding_last_edited=&#8221;on|tablet&#8221; _builder_version=&#8221;4.16&#8243; _module_preset=&#8221;default&#8221; background_color=&#8221;#F5FAFC&#8221; custom_padding=&#8221;90px||90px||true|false&#8221; custom_padding_tablet=&#8221;|60px||60px|true|true&#8221; custom_padding_phone=&#8221;90px|45px|90px|45px|true|true&#8221; global_colors_info=&#8221;{}&#8221;][et_pb_row column_structure=&#8221;2_5,3_5&#8243; _builder_version=&#8221;4.16&#8243; _module_preset=&#8221;default&#8221; width=&#8221;100%&#8221; custom_margin=&#8221;30px||0px||false|false&#8221; custom_margin_tablet=&#8221;0px||0px||false|false&#8221; custom_margin_phone=&#8221;0px||0px||false|false&#8221; custom_margin_last_edited=&#8221;on|phone&#8221; custom_padding=&#8221;0px||0px||false|false&#8221; locked=&#8221;off&#8221; global_colors_info=&#8221;{}&#8221;][et_pb_column type=&#8221;2_5&#8243; _builder_version=&#8221;4.16&#8243; _module_preset=&#8221;default&#8221; global_colors_info=&#8221;{}&#8221;][et_pb_image src=&#8221;https:\/\/rstteknoloji.com.tr\/wp-content\/uploads\/2022\/03\/vision.png&#8221; title_text=&#8221;vision&#8221; _builder_version=&#8221;4.16&#8243; _module_preset=&#8221;default&#8221; custom_margin=&#8221;-30px||||false|false&#8221; custom_margin_tablet=&#8221;-30px||||false|false&#8221; custom_margin_phone=&#8221;0px||0px||false|false&#8221; custom_margin_last_edited=&#8221;on|phone&#8221; custom_padding=&#8221;|30px|||false|false&#8221; custom_padding_tablet=&#8221;|30px|||false|false&#8221; custom_padding_phone=&#8221;|0px|||false|false&#8221; custom_padding_last_edited=&#8221;on|phone&#8221; locked=&#8221;off&#8221; global_colors_info=&#8221;{}&#8221;][\/et_pb_image][\/et_pb_column][et_pb_column type=&#8221;3_5&#8243; _builder_version=&#8221;4.16&#8243; _module_preset=&#8221;default&#8221; global_colors_info=&#8221;{}&#8221;][et_pb_text _builder_version=&#8221;4.16&#8243; _module_preset=&#8221;default&#8221; header_font=&#8221;||||||||&#8221; header_text_color=&#8221;#013462&#8243; header_font_size=&#8221;36px&#8221; header_2_font=&#8221;|300|||||||&#8221; header_2_text_color=&#8221;#013462&#8243; header_2_font_size=&#8221;36px&#8221; header_6_font=&#8221;|600||on|||||&#8221; header_6_text_color=&#8221;#CF4239&#8243; header_6_font_size=&#8221;10px&#8221; header_6_letter_spacing=&#8221;2px&#8221; header_6_line_height=&#8221;1.6em&#8221; custom_margin=&#8221;0px||0px||false|false&#8221; custom_margin_tablet=&#8221;30px||0px||false|false&#8221; custom_margin_phone=&#8221;30px||0px||false|false&#8221; custom_margin_last_edited=&#8221;on|phone&#8221; custom_padding=&#8221;0px||15px||false|false&#8221; header_font_size_tablet=&#8221;36px&#8221; header_font_size_phone=&#8221;32px&#8221; header_font_size_last_edited=&#8221;on|phone&#8221; locked=&#8221;off&#8221; global_colors_info=&#8221;{}&#8221;]<\/p>\n<h6>RST TEKNOLOJ\u0130<\/h6>\n<h1>Stratejimiz<\/h1>\n<p>[\/et_pb_text][dsm_icon_list icon_color=&#8221;#013462&#8243; icon_background_color=&#8221;#FFFFFF&#8221; icon_padding=&#8221;6px&#8221; icon_font_size=&#8221;12px&#8221; text_indent=&#8221;15px&#8221; _builder_version=&#8221;4.16&#8243; _module_preset=&#8221;default&#8221; text_font=&#8221;|300|||||||&#8221; text_text_color=&#8221;#333333&#8243; text_line_height=&#8221;1.6em&#8221; border_radii_icon=&#8221;on|100px|100px|100px|100px&#8221; locked=&#8221;off&#8221; global_colors_info=&#8221;{}&#8221;][dsm_icon_list_child text=&#8221;Yeni pazarlarda ve mevcut i\u015f alanlar\u0131nda yeni \u00fcr\u00fcnler geli\u015ftirerek b\u00fcy\u00fcmek&#8221; font_icon=&#8221;&#x35;||divi||400&#8243; _builder_version=&#8221;4.16&#8243; _module_preset=&#8221;default&#8221; custom_margin=&#8221;0px||0px||true|false&#8221; custom_padding=&#8221;0px||15px||false|false&#8221; global_colors_info=&#8221;{}&#8221;][\/dsm_icon_list_child][dsm_icon_list_child text=&#8221;M\u00fc\u015fteri ihtiya\u00e7 ve beklentisini n etkin \u015fekilde kar\u015f\u0131layan ve en \u00e7ok tercih edilen marka olmak&#8221; font_icon=&#8221;&#x35;||divi||400&#8243; _builder_version=&#8221;4.16&#8243; _module_preset=&#8221;default&#8221; custom_margin=&#8221;0px||0px||true|false&#8221; custom_padding=&#8221;0px||15px||false|false&#8221; global_colors_info=&#8221;{}&#8221;][\/dsm_icon_list_child][dsm_icon_list_child text=&#8221;\u0130novasyon s\u00fcrecini ve yarat\u0131c\u0131l\u0131\u011f\u0131 zirvede tutarak yenilik\u00e7i \u00fcr\u00fcn ve hizmetler sunmak&#8221; font_icon=&#8221;&#x35;||divi||400&#8243; _builder_version=&#8221;4.16&#8243; _module_preset=&#8221;default&#8221; custom_margin=&#8221;0px||0px||true|false&#8221; custom_padding=&#8221;0px||15px||false|false&#8221; global_colors_info=&#8221;{}&#8221;][\/dsm_icon_list_child][dsm_icon_list_child text=&#8221;Ba\u015far\u0131n\u0131n, ancak m\u00fc\u015fteri beklentilerini kar\u015f\u0131lamak ile m\u00fcmk\u00fcn oldu\u011fu bilinciyle m\u00fc\u015fteri beklentilerinin \u00f6tesinde hizmet vermeye \u00e7al\u0131\u015fmak&#8221; font_icon=&#8221;&#x35;||divi||400&#8243; _builder_version=&#8221;4.16&#8243; _module_preset=&#8221;default&#8221; custom_margin=&#8221;0px||0px||true|false&#8221; custom_padding=&#8221;0px||15px||false|false&#8221; global_colors_info=&#8221;{}&#8221;][\/dsm_icon_list_child][dsm_icon_list_child text=&#8221;\u0130nsan kaynaklar\u0131 s\u00fcre\u00e7lerinde m\u00fckemmelli\u011fi hedefleyerek, \u00e7al\u0131\u015fanlara sa\u011flanan fayday\u0131 artt\u0131rarak en \u00e7ok tercih edilen \u015firket olmak&#8221; font_icon=&#8221;&#x35;||divi||400&#8243; _builder_version=&#8221;4.16&#8243; _module_preset=&#8221;default&#8221; custom_margin=&#8221;0px||0px||true|false&#8221; custom_padding=&#8221;0px||15px||false|false&#8221; global_colors_info=&#8221;{}&#8221;][\/dsm_icon_list_child][\/dsm_icon_list][\/et_pb_column][\/et_pb_row][\/et_pb_section]<\/p>\n","protected":false},"excerpt":{"rendered":"<p>RST TEKNOLOJ\u0130 Vizyon &#038; Misyon<div class=\"et_pb_module dsm_breadcrumbs dsm_breadcrumbs_0\">\n\t\t\t\t\n\t\t\t\t\n\t\t\t\t\n\t\t\t\t\n\t\t\t\t\n\t\t\t\t\n\t\t\t\t<div class=\"et_pb_module_inner\">\n\t\t\t\t\t<nav class=\"dsm_breadcrumbs_wrap\" role=\"navigation\" itemscope=\"\" itemtype=\"http:\/\/schema.org\/SiteNavigationElement\">\n\t\t\t\t<ul class=\"dsm_breadcrumbs\">\n\t\t\t<li class='dsm_breadcrumbs_item dsm_home_item dsm_home_item_custom'>\n\t\t\t\t<a href=\"https:\/\/rstteknoloji.com.tr\/tr\/\" itemprop=\"url\">\n\t\t\t\t\t<span class='dsm_home_text_wrapper'>\n\t\t\t\t\t\t\t\t\t\t\t\t\t<span class=\"dsm_home_text\" itemprop=\"name\">\n\t\t\t\t\t\t\t\tAna Sayfa\t\t\t\t\t\t\t<\/span>\n\t\t\t\t\t<\/span>\n\t\t\t\t<\/a>\n\t\t\t<\/li>\n\n\t\t<li class=\"dsm_breadcrumbs_separator\"> <span class=\"et-pb-icon dsm_separator_icon\">5<\/span><\/li><\/ul>\n\t\t\t<\/nav>\n\t\t\t\t<\/div>\n\t\t\t<\/div>De\u011fi\u015fimin ve geli\u015fimin \u00f6nc\u00fcs\u00fc olma yolunda ad\u0131mlar atan, yarat\u0131c\u0131l\u0131\u011f\u0131 ve yeni fikirleri destekleyen, \u00fcretti\u011fimiz bilgi, hizmet ve teknoloji ile \u00fclkesine ve [&hellip;]<\/p>\n","protected":false},"author":1,"featured_media":0,"parent":44629,"menu_order":0,"comment_status":"closed","ping_status":"closed","template":"","meta":{"_et_pb_use_builder":"on","_et_pb_old_content":"","_et_gb_content_width":"","footnotes":""},"class_list":["post-44657","page","type-page","status-publish","hentry"],"_links":{"self":[{"href":"https:\/\/rstteknoloji.com.tr\/tr\/wp-json\/wp\/v2\/pages\/44657","targetHints":{"allow":["GET"]}}],"collection":[{"href":"https:\/\/rstteknoloji.com.tr\/tr\/wp-json\/wp\/v2\/pages"}],"about":[{"href":"https:\/\/rstteknoloji.com.tr\/tr\/wp-json\/wp\/v2\/types\/page"}],"author":[{"embeddable":true,"href":"https:\/\/rstteknoloji.com.tr\/tr\/wp-json\/wp\/v2\/users\/1"}],"replies":[{"embeddable":true,"href":"https:\/\/rstteknoloji.com.tr\/tr\/wp-json\/wp\/v2\/comments?post=44657"}],"version-history":[{"count":0,"href":"https:\/\/rstteknoloji.com.tr\/tr\/wp-json\/wp\/v2\/pages\/44657\/revisions"}],"up":[{"embeddable":true,"href":"https:\/\/rstteknoloji.com.tr\/tr\/wp-json\/wp\/v2\/pages\/44629"}],"wp:attachment":[{"href":"https:\/\/rstteknoloji.com.tr\/tr\/wp-json\/wp\/v2\/media?parent=44657"}],"curies":[{"name":"wp","href":"https:\/\/api.w.org\/{rel}","templated":true}]}}